{"id":8869,"date":"2026-02-17T21:09:22","date_gmt":"2026-02-17T21:09:22","guid":{"rendered":"https:\/\/www.vlascouture.com\/?post_type=product&#038;p=8869"},"modified":"2026-03-29T08:56:39","modified_gmt":"2026-03-29T08:56:39","slug":"donna-red-dress","status":"publish","type":"product","link":"https:\/\/www.vlascouture.com\/ro\/shop\/donna-red-dress\/","title":{"rendered":"Donna RED Dress"},"content":{"rendered":"<p><strong>Rochie midi ro\u0219ie cu m\u00e2neci din dantel\u0103 \u0219i detalii couture<\/strong><\/p>\n<p><strong>O crea\u021bie care exprim\u0103 putere, feminitate \u0219i rafinament \u00eentr-o singur\u0103 siluet\u0103.<\/strong><\/p>\n<p><strong>Rochia DONNA este realizat\u0103 dintr-un material premium cu structur\u0103 elegant\u0103, ce urm\u0103re\u0219te linia corpului \u0219i eviden\u021biaz\u0103 armonios talia. Croiala tip siren\u0103, cu lungime midi, alunge\u0219te silueta \u0219i ofer\u0103 o prezen\u021b\u0103 sofisticat\u0103, ideal\u0103 pentru apari\u021bii memorabile.<\/strong><\/p>\n<p><strong>Decolteul \u00een V este accentuat de inser\u021bie fin\u0103 din dantel\u0103, iar m\u00e2necile lungi din dantel\u0103 delicat\u0103 adaug\u0103 un contrast romantic \u0219i senzual. Umerii structura\u021bi ofer\u0103 echilibru \u0219i for\u021b\u0103 siluetei, definind un look couture modern.<\/strong><\/p>\n<p><strong>Detaliile sunt atent lucrate, iar aplica\u021biile decorative frontale adaug\u0103 un plus de elegan\u021b\u0103 subtil\u0103<\/strong><\/p>","protected":false},"excerpt":{"rendered":"<p>Rochie midi ro\u0219ie cu m\u00e2neci din dantel\u0103 \u0219i detalii couture O crea\u021bie care exprim\u0103 putere, feminitate \u0219i rafinament \u00eentr-o singur\u0103 siluet\u0103. Rochia&hellip;<\/p>","protected":false},"featured_media":8865,"comment_status":"closed","ping_status":"closed","template":"","meta":[],"product_cat":[312,279,242,244,235],"product_tag":[],"class_list":{"0":"post-8869","1":"product","2":"type-product","3":"status-publish","4":"has-post-thumbnail","6":"product_cat-evening-2","7":"product_cat-luxe-essence","8":"product_cat-view-all-dresses","9":"product_cat-midi-dresses","10":"product_cat-dresses-sets","11":"pa_size-l","12":"pa_size-m","13":"pa_size-s","14":"pa_size-xl","15":"pa_size-xs","17":"first","18":"instock","19":"taxable","20":"shipping-taxable","21":"purchasable","22":"product-type-variable"},"yoast_head":"<!-- This site is optimized with the Yoast SEO plugin v22.4 - https:\/\/yoast.com\/wordpress\/plugins\/seo\/ -->\n<title>Donna RED Dress - Vlas Couture<\/title>\n<meta name=\"robots\" content=\"index, follow, max-snippet:-1, max-image-preview:large, max-video-preview:-1\" \/>\n<link rel=\"canonical\" href=\"https:\/\/www.vlascouture.com\/ro\/shop\/donna-red-dress\/\" \/>\n<meta property=\"og:locale\" content=\"ro_RO\" \/>\n<meta property=\"og:type\" content=\"article\" \/>\n<meta property=\"og:title\" content=\"Donna RED Dress - Vlas Couture\" \/>\n<meta property=\"og:description\" content=\"Rochie midi ro\u0219ie cu m\u00e2neci din dantel\u0103 \u0219i detalii couture O crea\u021bie care exprim\u0103 putere, feminitate \u0219i rafinament \u00eentr-o singur\u0103 siluet\u0103. Rochia&hellip;\" \/>\n<meta property=\"og:url\" content=\"https:\/\/www.vlascouture.com\/ro\/shop\/donna-red-dress\/\" \/>\n<meta property=\"og:site_name\" content=\"Vlas Couture\" \/>\n<meta property=\"article:modified_time\" content=\"2026-03-29T08:56:39+00:00\" \/>\n<meta property=\"og:image\" content=\"https:\/\/www.vlascouture.com\/wp-content\/uploads\/2026\/02\/del_2132.jpeg\" \/>\n\t<meta property=\"og:image:width\" content=\"1996\" \/>\n\t<meta property=\"og:image:height\" content=\"3000\" \/>\n\t<meta property=\"og:image:type\" content=\"image\/jpeg\" \/>\n<meta name=\"twitter:card\" content=\"summary_large_image\" \/>\n<meta name=\"twitter:label1\" content=\"Timp estimat pentru citire\" \/>\n\t<meta name=\"twitter:data1\" content=\"1 minut\" \/>\n<script type=\"application\/ld+json\" class=\"yoast-schema-graph\">{\"@context\":\"https:\/\/schema.org\",\"@graph\":[{\"@type\":\"WebPage\",\"@id\":\"https:\/\/www.vlascouture.com\/shop\/donna-red-dress\/\",\"url\":\"https:\/\/www.vlascouture.com\/shop\/donna-red-dress\/\",\"name\":\"Donna RED Dress - Vlas Couture\",\"isPartOf\":{\"@id\":\"https:\/\/www.vlascouture.com\/#website\"},\"primaryImageOfPage\":{\"@id\":\"https:\/\/www.vlascouture.com\/shop\/donna-red-dress\/#primaryimage\"},\"image\":{\"@id\":\"https:\/\/www.vlascouture.com\/shop\/donna-red-dress\/#primaryimage\"},\"thumbnailUrl\":\"https:\/\/www.vlascouture.com\/wp-content\/uploads\/2026\/02\/del_2132.jpeg\",\"datePublished\":\"2026-02-17T21:09:22+00:00\",\"dateModified\":\"2026-03-29T08:56:39+00:00\",\"breadcrumb\":{\"@id\":\"https:\/\/www.vlascouture.com\/shop\/donna-red-dress\/#breadcrumb\"},\"inLanguage\":\"ro-RO\",\"potentialAction\":[{\"@type\":\"ReadAction\",\"target\":[\"https:\/\/www.vlascouture.com\/shop\/donna-red-dress\/\"]}]},{\"@type\":\"ImageObject\",\"inLanguage\":\"ro-RO\",\"@id\":\"https:\/\/www.vlascouture.com\/shop\/donna-red-dress\/#primaryimage\",\"url\":\"https:\/\/www.vlascouture.com\/wp-content\/uploads\/2026\/02\/del_2132.jpeg\",\"contentUrl\":\"https:\/\/www.vlascouture.com\/wp-content\/uploads\/2026\/02\/del_2132.jpeg\",\"width\":1996,\"height\":3000,\"caption\":\"DELIMAN_CRISTIAN\"},{\"@type\":\"BreadcrumbList\",\"@id\":\"https:\/\/www.vlascouture.com\/shop\/donna-red-dress\/#breadcrumb\",\"itemListElement\":[{\"@type\":\"ListItem\",\"position\":1,\"name\":\"Home\",\"item\":\"https:\/\/www.vlascouture.com\/\"},{\"@type\":\"ListItem\",\"position\":2,\"name\":\"Shop\",\"item\":\"https:\/\/www.vlascouture.com\/shop\/\"},{\"@type\":\"ListItem\",\"position\":3,\"name\":\"Donna RED Dress\"}]},{\"@type\":\"WebSite\",\"@id\":\"https:\/\/www.vlascouture.com\/#website\",\"url\":\"https:\/\/www.vlascouture.com\/\",\"name\":\"Vlas Couture\",\"description\":\"Vlas Couture\",\"potentialAction\":[{\"@type\":\"SearchAction\",\"target\":{\"@type\":\"EntryPoint\",\"urlTemplate\":\"https:\/\/www.vlascouture.com\/?s={search_term_string}\"},\"query-input\":\"required name=search_term_string\"}],\"inLanguage\":\"ro-RO\"}]}<\/script>\n<!-- \/ Yoast SEO plugin. -->","yoast_head_json":{"title":"Donna RED Dress - Vlas Couture","robots":{"index":"index","follow":"follow","max-snippet":"max-snippet:-1","max-image-preview":"max-image-preview:large","max-video-preview":"max-video-preview:-1"},"canonical":"https:\/\/www.vlascouture.com\/ro\/shop\/donna-red-dress\/","og_locale":"ro_RO","og_type":"article","og_title":"Donna RED Dress - Vlas Couture","og_description":"Rochie midi ro\u0219ie cu m\u00e2neci din dantel\u0103 \u0219i detalii couture O crea\u021bie care exprim\u0103 putere, feminitate \u0219i rafinament \u00eentr-o singur\u0103 siluet\u0103. Rochia&hellip;","og_url":"https:\/\/www.vlascouture.com\/ro\/shop\/donna-red-dress\/","og_site_name":"Vlas Couture","article_modified_time":"2026-03-29T08:56:39+00:00","og_image":[{"width":1996,"height":3000,"url":"https:\/\/www.vlascouture.com\/wp-content\/uploads\/2026\/02\/del_2132.jpeg","type":"image\/jpeg"}],"twitter_card":"summary_large_image","twitter_misc":{"Timp estimat pentru citire":"1 minut"},"schema":{"@context":"https:\/\/schema.org","@graph":[{"@type":"WebPage","@id":"https:\/\/www.vlascouture.com\/shop\/donna-red-dress\/","url":"https:\/\/www.vlascouture.com\/shop\/donna-red-dress\/","name":"Donna RED Dress - Vlas Couture","isPartOf":{"@id":"https:\/\/www.vlascouture.com\/#website"},"primaryImageOfPage":{"@id":"https:\/\/www.vlascouture.com\/shop\/donna-red-dress\/#primaryimage"},"image":{"@id":"https:\/\/www.vlascouture.com\/shop\/donna-red-dress\/#primaryimage"},"thumbnailUrl":"https:\/\/www.vlascouture.com\/wp-content\/uploads\/2026\/02\/del_2132.jpeg","datePublished":"2026-02-17T21:09:22+00:00","dateModified":"2026-03-29T08:56:39+00:00","breadcrumb":{"@id":"https:\/\/www.vlascouture.com\/shop\/donna-red-dress\/#breadcrumb"},"inLanguage":"ro-RO","potentialAction":[{"@type":"ReadAction","target":["https:\/\/www.vlascouture.com\/shop\/donna-red-dress\/"]}]},{"@type":"ImageObject","inLanguage":"ro-RO","@id":"https:\/\/www.vlascouture.com\/shop\/donna-red-dress\/#primaryimage","url":"https:\/\/www.vlascouture.com\/wp-content\/uploads\/2026\/02\/del_2132.jpeg","contentUrl":"https:\/\/www.vlascouture.com\/wp-content\/uploads\/2026\/02\/del_2132.jpeg","width":1996,"height":3000,"caption":"DELIMAN_CRISTIAN"},{"@type":"BreadcrumbList","@id":"https:\/\/www.vlascouture.com\/shop\/donna-red-dress\/#breadcrumb","itemListElement":[{"@type":"ListItem","position":1,"name":"Home","item":"https:\/\/www.vlascouture.com\/"},{"@type":"ListItem","position":2,"name":"Shop","item":"https:\/\/www.vlascouture.com\/shop\/"},{"@type":"ListItem","position":3,"name":"Donna RED Dress"}]},{"@type":"WebSite","@id":"https:\/\/www.vlascouture.com\/#website","url":"https:\/\/www.vlascouture.com\/","name":"Vlas Couture","description":"Vlas Couture","potentialAction":[{"@type":"SearchAction","target":{"@type":"EntryPoint","urlTemplate":"https:\/\/www.vlascouture.com\/?s={search_term_string}"},"query-input":"required name=search_term_string"}],"inLanguage":"ro-RO"}]}},"jetpack_sharing_enabled":true,"_links":{"self":[{"href":"https:\/\/www.vlascouture.com\/ro\/wp-json\/wp\/v2\/product\/8869","targetHints":{"allow":["GET"]}}],"collection":[{"href":"https:\/\/www.vlascouture.com\/ro\/wp-json\/wp\/v2\/product"}],"about":[{"href":"https:\/\/www.vlascouture.com\/ro\/wp-json\/wp\/v2\/types\/product"}],"replies":[{"embeddable":true,"href":"https:\/\/www.vlascouture.com\/ro\/wp-json\/wp\/v2\/comments?post=8869"}],"version-history":[{"count":2,"href":"https:\/\/www.vlascouture.com\/ro\/wp-json\/wp\/v2\/product\/8869\/revisions"}],"predecessor-version":[{"id":8898,"href":"https:\/\/www.vlascouture.com\/ro\/wp-json\/wp\/v2\/product\/8869\/revisions\/8898"}],"wp:featuredmedia":[{"embeddable":true,"href":"https:\/\/www.vlascouture.com\/ro\/wp-json\/wp\/v2\/media\/8865"}],"wp:attachment":[{"href":"https:\/\/www.vlascouture.com\/ro\/wp-json\/wp\/v2\/media?parent=8869"}],"wp:term":[{"taxonomy":"product_cat","embeddable":true,"href":"https:\/\/www.vlascouture.com\/ro\/wp-json\/wp\/v2\/product_cat?post=8869"},{"taxonomy":"product_tag","embeddable":true,"href":"https:\/\/www.vlascouture.com\/ro\/wp-json\/wp\/v2\/product_tag?post=8869"}],"curies":[{"name":"wp","href":"https:\/\/api.w.org\/{rel}","templated":true}]}}