{"id":8027,"date":"2025-11-26T19:08:16","date_gmt":"2025-11-26T19:08:16","guid":{"rendered":"https:\/\/www.vlascouture.com\/?post_type=product&#038;p=8027"},"modified":"2026-03-30T05:33:59","modified_gmt":"2026-03-30T05:33:59","slug":"palazzo-beige-pants","status":"publish","type":"product","link":"https:\/\/www.vlascouture.com\/ro\/shop\/palazzo-beige-pants\/","title":{"rendered":"Palazzo Beige Pants"},"content":{"rendered":"<p>Pantalonii <strong data-start=\"888\" data-end=\"898\">Palazzo<\/strong>\u00a0\u00een nuan\u021ba beige sunt crea\u021bi pentru confort \u0219i elegan\u021b\u0103, cu talie \u00eenalt\u0103 \u0219i croial\u0103 larg\u0103 ce alunge\u0219te silueta. Materialul premium \u0219i liniile curate confer\u0103 un aspect sofisticat \u0219i modern, potrivit at\u00e2t pentru evenimente, c\u00e2t \u0219i pentru outfituri office sau de zi cu un aer luxos.<\/p>","protected":false},"excerpt":{"rendered":"<p>Pantalonii Palazzo\u00a0\u00een nuan\u021ba beige sunt crea\u021bi pentru confort \u0219i elegan\u021b\u0103, cu talie \u00eenalt\u0103 \u0219i croial\u0103 larg\u0103 ce alunge\u0219te silueta. Materialul premium \u0219i&hellip;<\/p>","protected":false},"featured_media":8233,"comment_status":"closed","ping_status":"closed","template":"","meta":[],"product_cat":[279,220,233,231],"product_tag":[],"class_list":{"0":"post-8027","1":"product","2":"type-product","3":"status-publish","4":"has-post-thumbnail","6":"product_cat-luxe-essence","7":"product_cat-clothing","8":"product_cat-all-bottoms","9":"product_cat-pants","11":"first","12":"instock","13":"taxable","14":"shipping-taxable","15":"purchasable","16":"product-type-variable"},"yoast_head":"<!-- This site is optimized with the Yoast SEO plugin v22.4 - https:\/\/yoast.com\/wordpress\/plugins\/seo\/ -->\n<title>Palazzo Beige Pants - Vlas Couture<\/title>\n<meta name=\"robots\" content=\"index, follow, max-snippet:-1, max-image-preview:large, max-video-preview:-1\" \/>\n<link rel=\"canonical\" href=\"https:\/\/www.vlascouture.com\/ro\/shop\/palazzo-beige-pants\/\" \/>\n<meta property=\"og:locale\" content=\"ro_RO\" \/>\n<meta property=\"og:type\" content=\"article\" \/>\n<meta property=\"og:title\" content=\"Palazzo Beige Pants - Vlas Couture\" \/>\n<meta property=\"og:description\" content=\"Pantalonii Palazzo\u00a0\u00een nuan\u021ba beige sunt crea\u021bi pentru confort \u0219i elegan\u021b\u0103, cu talie \u00eenalt\u0103 \u0219i croial\u0103 larg\u0103 ce alunge\u0219te silueta. Materialul premium \u0219i&hellip;\" \/>\n<meta property=\"og:url\" content=\"https:\/\/www.vlascouture.com\/ro\/shop\/palazzo-beige-pants\/\" \/>\n<meta property=\"og:site_name\" content=\"Vlas Couture\" \/>\n<meta property=\"article:modified_time\" content=\"2026-03-30T05:33:59+00:00\" \/>\n<meta property=\"og:image\" content=\"https:\/\/www.vlascouture.com\/wp-content\/uploads\/2025\/11\/img_0435-2.jpeg\" \/>\n\t<meta property=\"og:image:width\" content=\"1996\" \/>\n\t<meta property=\"og:image:height\" content=\"3000\" \/>\n\t<meta property=\"og:image:type\" content=\"image\/jpeg\" \/>\n<meta name=\"twitter:card\" content=\"summary_large_image\" \/>\n<meta name=\"twitter:label1\" content=\"Timp estimat pentru citire\" \/>\n\t<meta name=\"twitter:data1\" content=\"1 minut\" \/>\n<script type=\"application\/ld+json\" class=\"yoast-schema-graph\">{\"@context\":\"https:\/\/schema.org\",\"@graph\":[{\"@type\":\"WebPage\",\"@id\":\"https:\/\/www.vlascouture.com\/shop\/palazzo-beige-pants\/\",\"url\":\"https:\/\/www.vlascouture.com\/shop\/palazzo-beige-pants\/\",\"name\":\"Palazzo Beige Pants - Vlas Couture\",\"isPartOf\":{\"@id\":\"https:\/\/www.vlascouture.com\/#website\"},\"primaryImageOfPage\":{\"@id\":\"https:\/\/www.vlascouture.com\/shop\/palazzo-beige-pants\/#primaryimage\"},\"image\":{\"@id\":\"https:\/\/www.vlascouture.com\/shop\/palazzo-beige-pants\/#primaryimage\"},\"thumbnailUrl\":\"https:\/\/www.vlascouture.com\/wp-content\/uploads\/2025\/11\/img_0435-2.jpeg\",\"datePublished\":\"2025-11-26T19:08:16+00:00\",\"dateModified\":\"2026-03-30T05:33:59+00:00\",\"breadcrumb\":{\"@id\":\"https:\/\/www.vlascouture.com\/shop\/palazzo-beige-pants\/#breadcrumb\"},\"inLanguage\":\"ro-RO\",\"potentialAction\":[{\"@type\":\"ReadAction\",\"target\":[\"https:\/\/www.vlascouture.com\/shop\/palazzo-beige-pants\/\"]}]},{\"@type\":\"ImageObject\",\"inLanguage\":\"ro-RO\",\"@id\":\"https:\/\/www.vlascouture.com\/shop\/palazzo-beige-pants\/#primaryimage\",\"url\":\"https:\/\/www.vlascouture.com\/wp-content\/uploads\/2025\/11\/img_0435-2.jpeg\",\"contentUrl\":\"https:\/\/www.vlascouture.com\/wp-content\/uploads\/2025\/11\/img_0435-2.jpeg\",\"width\":1996,\"height\":3000},{\"@type\":\"BreadcrumbList\",\"@id\":\"https:\/\/www.vlascouture.com\/shop\/palazzo-beige-pants\/#breadcrumb\",\"itemListElement\":[{\"@type\":\"ListItem\",\"position\":1,\"name\":\"Home\",\"item\":\"https:\/\/www.vlascouture.com\/\"},{\"@type\":\"ListItem\",\"position\":2,\"name\":\"Shop\",\"item\":\"https:\/\/www.vlascouture.com\/shop\/\"},{\"@type\":\"ListItem\",\"position\":3,\"name\":\"Palazzo Beige Pants\"}]},{\"@type\":\"WebSite\",\"@id\":\"https:\/\/www.vlascouture.com\/#website\",\"url\":\"https:\/\/www.vlascouture.com\/\",\"name\":\"Vlas Couture\",\"description\":\"Vlas Couture\",\"potentialAction\":[{\"@type\":\"SearchAction\",\"target\":{\"@type\":\"EntryPoint\",\"urlTemplate\":\"https:\/\/www.vlascouture.com\/?s={search_term_string}\"},\"query-input\":\"required name=search_term_string\"}],\"inLanguage\":\"ro-RO\"}]}<\/script>\n<!-- \/ Yoast SEO plugin. -->","yoast_head_json":{"title":"Palazzo Beige Pants - Vlas Couture","robots":{"index":"index","follow":"follow","max-snippet":"max-snippet:-1","max-image-preview":"max-image-preview:large","max-video-preview":"max-video-preview:-1"},"canonical":"https:\/\/www.vlascouture.com\/ro\/shop\/palazzo-beige-pants\/","og_locale":"ro_RO","og_type":"article","og_title":"Palazzo Beige Pants - Vlas Couture","og_description":"Pantalonii Palazzo\u00a0\u00een nuan\u021ba beige sunt crea\u021bi pentru confort \u0219i elegan\u021b\u0103, cu talie \u00eenalt\u0103 \u0219i croial\u0103 larg\u0103 ce alunge\u0219te silueta. Materialul premium \u0219i&hellip;","og_url":"https:\/\/www.vlascouture.com\/ro\/shop\/palazzo-beige-pants\/","og_site_name":"Vlas Couture","article_modified_time":"2026-03-30T05:33:59+00:00","og_image":[{"width":1996,"height":3000,"url":"https:\/\/www.vlascouture.com\/wp-content\/uploads\/2025\/11\/img_0435-2.jpeg","type":"image\/jpeg"}],"twitter_card":"summary_large_image","twitter_misc":{"Timp estimat pentru citire":"1 minut"},"schema":{"@context":"https:\/\/schema.org","@graph":[{"@type":"WebPage","@id":"https:\/\/www.vlascouture.com\/shop\/palazzo-beige-pants\/","url":"https:\/\/www.vlascouture.com\/shop\/palazzo-beige-pants\/","name":"Palazzo Beige Pants - Vlas Couture","isPartOf":{"@id":"https:\/\/www.vlascouture.com\/#website"},"primaryImageOfPage":{"@id":"https:\/\/www.vlascouture.com\/shop\/palazzo-beige-pants\/#primaryimage"},"image":{"@id":"https:\/\/www.vlascouture.com\/shop\/palazzo-beige-pants\/#primaryimage"},"thumbnailUrl":"https:\/\/www.vlascouture.com\/wp-content\/uploads\/2025\/11\/img_0435-2.jpeg","datePublished":"2025-11-26T19:08:16+00:00","dateModified":"2026-03-30T05:33:59+00:00","breadcrumb":{"@id":"https:\/\/www.vlascouture.com\/shop\/palazzo-beige-pants\/#breadcrumb"},"inLanguage":"ro-RO","potentialAction":[{"@type":"ReadAction","target":["https:\/\/www.vlascouture.com\/shop\/palazzo-beige-pants\/"]}]},{"@type":"ImageObject","inLanguage":"ro-RO","@id":"https:\/\/www.vlascouture.com\/shop\/palazzo-beige-pants\/#primaryimage","url":"https:\/\/www.vlascouture.com\/wp-content\/uploads\/2025\/11\/img_0435-2.jpeg","contentUrl":"https:\/\/www.vlascouture.com\/wp-content\/uploads\/2025\/11\/img_0435-2.jpeg","width":1996,"height":3000},{"@type":"BreadcrumbList","@id":"https:\/\/www.vlascouture.com\/shop\/palazzo-beige-pants\/#breadcrumb","itemListElement":[{"@type":"ListItem","position":1,"name":"Home","item":"https:\/\/www.vlascouture.com\/"},{"@type":"ListItem","position":2,"name":"Shop","item":"https:\/\/www.vlascouture.com\/shop\/"},{"@type":"ListItem","position":3,"name":"Palazzo Beige Pants"}]},{"@type":"WebSite","@id":"https:\/\/www.vlascouture.com\/#website","url":"https:\/\/www.vlascouture.com\/","name":"Vlas Couture","description":"Vlas Couture","potentialAction":[{"@type":"SearchAction","target":{"@type":"EntryPoint","urlTemplate":"https:\/\/www.vlascouture.com\/?s={search_term_string}"},"query-input":"required name=search_term_string"}],"inLanguage":"ro-RO"}]}},"jetpack_sharing_enabled":true,"_links":{"self":[{"href":"https:\/\/www.vlascouture.com\/ro\/wp-json\/wp\/v2\/product\/8027","targetHints":{"allow":["GET"]}}],"collection":[{"href":"https:\/\/www.vlascouture.com\/ro\/wp-json\/wp\/v2\/product"}],"about":[{"href":"https:\/\/www.vlascouture.com\/ro\/wp-json\/wp\/v2\/types\/product"}],"replies":[{"embeddable":true,"href":"https:\/\/www.vlascouture.com\/ro\/wp-json\/wp\/v2\/comments?post=8027"}],"version-history":[{"count":1,"href":"https:\/\/www.vlascouture.com\/ro\/wp-json\/wp\/v2\/product\/8027\/revisions"}],"predecessor-version":[{"id":8034,"href":"https:\/\/www.vlascouture.com\/ro\/wp-json\/wp\/v2\/product\/8027\/revisions\/8034"}],"wp:featuredmedia":[{"embeddable":true,"href":"https:\/\/www.vlascouture.com\/ro\/wp-json\/wp\/v2\/media\/8233"}],"wp:attachment":[{"href":"https:\/\/www.vlascouture.com\/ro\/wp-json\/wp\/v2\/media?parent=8027"}],"wp:term":[{"taxonomy":"product_cat","embeddable":true,"href":"https:\/\/www.vlascouture.com\/ro\/wp-json\/wp\/v2\/product_cat?post=8027"},{"taxonomy":"product_tag","embeddable":true,"href":"https:\/\/www.vlascouture.com\/ro\/wp-json\/wp\/v2\/product_tag?post=8027"}],"curies":[{"name":"wp","href":"https:\/\/api.w.org\/{rel}","templated":true}]}}