{"id":8020,"date":"2025-11-26T19:00:21","date_gmt":"2025-11-26T19:00:21","guid":{"rendered":"https:\/\/www.vlascouture.com\/?post_type=product&#038;p=8020"},"modified":"2026-03-30T05:34:21","modified_gmt":"2026-03-30T05:34:21","slug":"top-eloise-beige","status":"publish","type":"product","link":"https:\/\/www.vlascouture.com\/ro\/shop\/top-eloise-beige\/","title":{"rendered":"Eloise Beige Top"},"content":{"rendered":"<p>Topul <strong data-start=\"183\" data-end=\"193\">Eloise<\/strong> este realizat dintr-un material premium \u00eentr-o nuan\u021b\u0103 rafinat\u0103 de beige, av\u00e2nd o croial\u0103 couture ce sculpteaz\u0103 frumos silueta. Designul s\u0103u cu umeri structura\u021bi \u0219i nasturi tip bijuterie adaug\u0103 elegan\u021b\u0103 \u0219i rafinament, \u00een timp ce linia inspirat\u0103 de corset define\u0219te talia \u0219i creeaz\u0103 un look feminin \u0219i modern. Ideal pentru evenimente, \u021binute office elevate sau apari\u021bii speciale.<\/p>","protected":false},"excerpt":{"rendered":"<p>Topul Eloise este realizat dintr-un material premium \u00eentr-o nuan\u021b\u0103 rafinat\u0103 de beige, av\u00e2nd o croial\u0103 couture ce sculpteaz\u0103 frumos silueta. Designul s\u0103u&hellip;<\/p>","protected":false},"featured_media":8230,"comment_status":"closed","ping_status":"closed","template":"","meta":[],"product_cat":[279,220,267,230,226],"product_tag":[],"class_list":{"0":"post-8020","1":"product","2":"type-product","3":"status-publish","4":"has-post-thumbnail","6":"product_cat-luxe-essence","7":"product_cat-clothing","8":"product_cat-tops","9":"product_cat-all-tops","10":"product_cat-blazers","12":"first","13":"instock","14":"taxable","15":"shipping-taxable","16":"purchasable","17":"product-type-variable"},"yoast_head":"<!-- This site is optimized with the Yoast SEO plugin v22.4 - https:\/\/yoast.com\/wordpress\/plugins\/seo\/ -->\n<title>Eloise Beige Top - Vlas Couture<\/title>\n<meta name=\"robots\" content=\"index, follow, max-snippet:-1, max-image-preview:large, max-video-preview:-1\" \/>\n<link rel=\"canonical\" href=\"https:\/\/www.vlascouture.com\/ro\/shop\/top-eloise-beige\/\" \/>\n<meta property=\"og:locale\" content=\"ro_RO\" \/>\n<meta property=\"og:type\" content=\"article\" \/>\n<meta property=\"og:title\" content=\"Eloise Beige Top - Vlas Couture\" \/>\n<meta property=\"og:description\" content=\"Topul Eloise este realizat dintr-un material premium \u00eentr-o nuan\u021b\u0103 rafinat\u0103 de beige, av\u00e2nd o croial\u0103 couture ce sculpteaz\u0103 frumos silueta. Designul s\u0103u&hellip;\" \/>\n<meta property=\"og:url\" content=\"https:\/\/www.vlascouture.com\/ro\/shop\/top-eloise-beige\/\" \/>\n<meta property=\"og:site_name\" content=\"Vlas Couture\" \/>\n<meta property=\"article:modified_time\" content=\"2026-03-30T05:34:21+00:00\" \/>\n<meta property=\"og:image\" content=\"https:\/\/www.vlascouture.com\/wp-content\/uploads\/2025\/11\/img_0433-1.jpeg\" \/>\n\t<meta property=\"og:image:width\" content=\"1996\" \/>\n\t<meta property=\"og:image:height\" content=\"3000\" \/>\n\t<meta property=\"og:image:type\" content=\"image\/jpeg\" \/>\n<meta name=\"twitter:card\" content=\"summary_large_image\" \/>\n<meta name=\"twitter:label1\" content=\"Timp estimat pentru citire\" \/>\n\t<meta name=\"twitter:data1\" content=\"1 minut\" \/>\n<script type=\"application\/ld+json\" class=\"yoast-schema-graph\">{\"@context\":\"https:\/\/schema.org\",\"@graph\":[{\"@type\":\"WebPage\",\"@id\":\"https:\/\/www.vlascouture.com\/shop\/top-eloise-beige\/\",\"url\":\"https:\/\/www.vlascouture.com\/shop\/top-eloise-beige\/\",\"name\":\"Eloise Beige Top - Vlas Couture\",\"isPartOf\":{\"@id\":\"https:\/\/www.vlascouture.com\/#website\"},\"primaryImageOfPage\":{\"@id\":\"https:\/\/www.vlascouture.com\/shop\/top-eloise-beige\/#primaryimage\"},\"image\":{\"@id\":\"https:\/\/www.vlascouture.com\/shop\/top-eloise-beige\/#primaryimage\"},\"thumbnailUrl\":\"https:\/\/www.vlascouture.com\/wp-content\/uploads\/2025\/11\/img_0433-1.jpeg\",\"datePublished\":\"2025-11-26T19:00:21+00:00\",\"dateModified\":\"2026-03-30T05:34:21+00:00\",\"breadcrumb\":{\"@id\":\"https:\/\/www.vlascouture.com\/shop\/top-eloise-beige\/#breadcrumb\"},\"inLanguage\":\"ro-RO\",\"potentialAction\":[{\"@type\":\"ReadAction\",\"target\":[\"https:\/\/www.vlascouture.com\/shop\/top-eloise-beige\/\"]}]},{\"@type\":\"ImageObject\",\"inLanguage\":\"ro-RO\",\"@id\":\"https:\/\/www.vlascouture.com\/shop\/top-eloise-beige\/#primaryimage\",\"url\":\"https:\/\/www.vlascouture.com\/wp-content\/uploads\/2025\/11\/img_0433-1.jpeg\",\"contentUrl\":\"https:\/\/www.vlascouture.com\/wp-content\/uploads\/2025\/11\/img_0433-1.jpeg\",\"width\":1996,\"height\":3000},{\"@type\":\"BreadcrumbList\",\"@id\":\"https:\/\/www.vlascouture.com\/shop\/top-eloise-beige\/#breadcrumb\",\"itemListElement\":[{\"@type\":\"ListItem\",\"position\":1,\"name\":\"Home\",\"item\":\"https:\/\/www.vlascouture.com\/\"},{\"@type\":\"ListItem\",\"position\":2,\"name\":\"Shop\",\"item\":\"https:\/\/www.vlascouture.com\/shop\/\"},{\"@type\":\"ListItem\",\"position\":3,\"name\":\"Eloise Beige Top\"}]},{\"@type\":\"WebSite\",\"@id\":\"https:\/\/www.vlascouture.com\/#website\",\"url\":\"https:\/\/www.vlascouture.com\/\",\"name\":\"Vlas Couture\",\"description\":\"Vlas Couture\",\"potentialAction\":[{\"@type\":\"SearchAction\",\"target\":{\"@type\":\"EntryPoint\",\"urlTemplate\":\"https:\/\/www.vlascouture.com\/?s={search_term_string}\"},\"query-input\":\"required name=search_term_string\"}],\"inLanguage\":\"ro-RO\"}]}<\/script>\n<!-- \/ Yoast SEO plugin. -->","yoast_head_json":{"title":"Eloise Beige Top - Vlas Couture","robots":{"index":"index","follow":"follow","max-snippet":"max-snippet:-1","max-image-preview":"max-image-preview:large","max-video-preview":"max-video-preview:-1"},"canonical":"https:\/\/www.vlascouture.com\/ro\/shop\/top-eloise-beige\/","og_locale":"ro_RO","og_type":"article","og_title":"Eloise Beige Top - Vlas Couture","og_description":"Topul Eloise este realizat dintr-un material premium \u00eentr-o nuan\u021b\u0103 rafinat\u0103 de beige, av\u00e2nd o croial\u0103 couture ce sculpteaz\u0103 frumos silueta. Designul s\u0103u&hellip;","og_url":"https:\/\/www.vlascouture.com\/ro\/shop\/top-eloise-beige\/","og_site_name":"Vlas Couture","article_modified_time":"2026-03-30T05:34:21+00:00","og_image":[{"width":1996,"height":3000,"url":"https:\/\/www.vlascouture.com\/wp-content\/uploads\/2025\/11\/img_0433-1.jpeg","type":"image\/jpeg"}],"twitter_card":"summary_large_image","twitter_misc":{"Timp estimat pentru citire":"1 minut"},"schema":{"@context":"https:\/\/schema.org","@graph":[{"@type":"WebPage","@id":"https:\/\/www.vlascouture.com\/shop\/top-eloise-beige\/","url":"https:\/\/www.vlascouture.com\/shop\/top-eloise-beige\/","name":"Eloise Beige Top - Vlas Couture","isPartOf":{"@id":"https:\/\/www.vlascouture.com\/#website"},"primaryImageOfPage":{"@id":"https:\/\/www.vlascouture.com\/shop\/top-eloise-beige\/#primaryimage"},"image":{"@id":"https:\/\/www.vlascouture.com\/shop\/top-eloise-beige\/#primaryimage"},"thumbnailUrl":"https:\/\/www.vlascouture.com\/wp-content\/uploads\/2025\/11\/img_0433-1.jpeg","datePublished":"2025-11-26T19:00:21+00:00","dateModified":"2026-03-30T05:34:21+00:00","breadcrumb":{"@id":"https:\/\/www.vlascouture.com\/shop\/top-eloise-beige\/#breadcrumb"},"inLanguage":"ro-RO","potentialAction":[{"@type":"ReadAction","target":["https:\/\/www.vlascouture.com\/shop\/top-eloise-beige\/"]}]},{"@type":"ImageObject","inLanguage":"ro-RO","@id":"https:\/\/www.vlascouture.com\/shop\/top-eloise-beige\/#primaryimage","url":"https:\/\/www.vlascouture.com\/wp-content\/uploads\/2025\/11\/img_0433-1.jpeg","contentUrl":"https:\/\/www.vlascouture.com\/wp-content\/uploads\/2025\/11\/img_0433-1.jpeg","width":1996,"height":3000},{"@type":"BreadcrumbList","@id":"https:\/\/www.vlascouture.com\/shop\/top-eloise-beige\/#breadcrumb","itemListElement":[{"@type":"ListItem","position":1,"name":"Home","item":"https:\/\/www.vlascouture.com\/"},{"@type":"ListItem","position":2,"name":"Shop","item":"https:\/\/www.vlascouture.com\/shop\/"},{"@type":"ListItem","position":3,"name":"Eloise Beige Top"}]},{"@type":"WebSite","@id":"https:\/\/www.vlascouture.com\/#website","url":"https:\/\/www.vlascouture.com\/","name":"Vlas Couture","description":"Vlas Couture","potentialAction":[{"@type":"SearchAction","target":{"@type":"EntryPoint","urlTemplate":"https:\/\/www.vlascouture.com\/?s={search_term_string}"},"query-input":"required name=search_term_string"}],"inLanguage":"ro-RO"}]}},"jetpack_sharing_enabled":true,"_links":{"self":[{"href":"https:\/\/www.vlascouture.com\/ro\/wp-json\/wp\/v2\/product\/8020","targetHints":{"allow":["GET"]}}],"collection":[{"href":"https:\/\/www.vlascouture.com\/ro\/wp-json\/wp\/v2\/product"}],"about":[{"href":"https:\/\/www.vlascouture.com\/ro\/wp-json\/wp\/v2\/types\/product"}],"replies":[{"embeddable":true,"href":"https:\/\/www.vlascouture.com\/ro\/wp-json\/wp\/v2\/comments?post=8020"}],"version-history":[{"count":2,"href":"https:\/\/www.vlascouture.com\/ro\/wp-json\/wp\/v2\/product\/8020\/revisions"}],"predecessor-version":[{"id":8628,"href":"https:\/\/www.vlascouture.com\/ro\/wp-json\/wp\/v2\/product\/8020\/revisions\/8628"}],"wp:featuredmedia":[{"embeddable":true,"href":"https:\/\/www.vlascouture.com\/ro\/wp-json\/wp\/v2\/media\/8230"}],"wp:attachment":[{"href":"https:\/\/www.vlascouture.com\/ro\/wp-json\/wp\/v2\/media?parent=8020"}],"wp:term":[{"taxonomy":"product_cat","embeddable":true,"href":"https:\/\/www.vlascouture.com\/ro\/wp-json\/wp\/v2\/product_cat?post=8020"},{"taxonomy":"product_tag","embeddable":true,"href":"https:\/\/www.vlascouture.com\/ro\/wp-json\/wp\/v2\/product_tag?post=8020"}],"curies":[{"name":"wp","href":"https:\/\/api.w.org\/{rel}","templated":true}]}}