{"id":7996,"date":"2025-11-26T18:42:51","date_gmt":"2025-11-26T18:42:51","guid":{"rendered":"https:\/\/www.vlascouture.com\/?post_type=product&#038;p=7996"},"modified":"2026-04-03T19:12:08","modified_gmt":"2026-04-03T19:12:08","slug":"camasa-mocha-iconic","status":"publish","type":"product","link":"https:\/\/www.vlascouture.com\/ro\/shop\/camasa-mocha-iconic\/","title":{"rendered":"C\u0102MA\u0218\u0102 MOCHA ICONIC"},"content":{"rendered":"<p>C\u0103ma\u0219\u0103 elegant\u0103 din satin premium, cu guler tip bijuterie decorat cu cristale aplicate manual. Croiala fluid\u0103 \u0219i m\u00e2necile u\u0219or bufante ofer\u0103 un look sofisticat \u0219i feminin, perfect pentru evenimente sau \u021binute office elegante.<\/p>","protected":false},"excerpt":{"rendered":"<p>C\u0103ma\u0219\u0103 elegant\u0103 din satin premium, cu guler tip bijuterie decorat cu cristale aplicate manual. Croiala fluid\u0103 \u0219i m\u00e2necile u\u0219or bufante ofer\u0103 un&hellip;<\/p>","protected":false},"featured_media":8392,"comment_status":"closed","ping_status":"closed","template":"","meta":[],"product_cat":[279,220,267,230,287],"product_tag":[],"class_list":{"0":"post-7996","1":"product","2":"type-product","3":"status-publish","4":"has-post-thumbnail","6":"product_cat-luxe-essence","7":"product_cat-clothing","8":"product_cat-tops","9":"product_cat-all-tops","10":"product_cat-camasi","11":"pa_size-l-xl","12":"pa_size-s-m-2","14":"first","15":"instock","16":"taxable","17":"shipping-taxable","18":"purchasable","19":"product-type-variable"},"yoast_head":"<!-- This site is optimized with the Yoast SEO plugin v22.4 - https:\/\/yoast.com\/wordpress\/plugins\/seo\/ -->\n<title>C\u0102MA\u0218\u0102 MOCHA ICONIC - Vlas Couture<\/title>\n<meta name=\"robots\" content=\"index, follow, max-snippet:-1, max-image-preview:large, max-video-preview:-1\" \/>\n<link rel=\"canonical\" href=\"https:\/\/www.vlascouture.com\/ro\/shop\/camasa-mocha-iconic\/\" \/>\n<meta property=\"og:locale\" content=\"ro_RO\" \/>\n<meta property=\"og:type\" content=\"article\" \/>\n<meta property=\"og:title\" content=\"C\u0102MA\u0218\u0102 MOCHA ICONIC - Vlas Couture\" \/>\n<meta property=\"og:description\" content=\"C\u0103ma\u0219\u0103 elegant\u0103 din satin premium, cu guler tip bijuterie decorat cu cristale aplicate manual. Croiala fluid\u0103 \u0219i m\u00e2necile u\u0219or bufante ofer\u0103 un&hellip;\" \/>\n<meta property=\"og:url\" content=\"https:\/\/www.vlascouture.com\/ro\/shop\/camasa-mocha-iconic\/\" \/>\n<meta property=\"og:site_name\" content=\"Vlas Couture\" \/>\n<meta property=\"article:modified_time\" content=\"2026-04-03T19:12:08+00:00\" \/>\n<meta property=\"og:image\" content=\"https:\/\/www.vlascouture.com\/wp-content\/uploads\/2025\/11\/img_0782-1.jpeg\" \/>\n\t<meta property=\"og:image:width\" content=\"1996\" \/>\n\t<meta property=\"og:image:height\" content=\"3000\" \/>\n\t<meta property=\"og:image:type\" content=\"image\/jpeg\" \/>\n<meta name=\"twitter:card\" content=\"summary_large_image\" \/>\n<meta name=\"twitter:label1\" content=\"Timp estimat pentru citire\" \/>\n\t<meta name=\"twitter:data1\" content=\"1 minut\" \/>\n<script type=\"application\/ld+json\" class=\"yoast-schema-graph\">{\"@context\":\"https:\/\/schema.org\",\"@graph\":[{\"@type\":\"WebPage\",\"@id\":\"https:\/\/www.vlascouture.com\/shop\/camasa-mocha-iconic\/\",\"url\":\"https:\/\/www.vlascouture.com\/shop\/camasa-mocha-iconic\/\",\"name\":\"C\u0102MA\u0218\u0102 MOCHA ICONIC - Vlas Couture\",\"isPartOf\":{\"@id\":\"https:\/\/www.vlascouture.com\/#website\"},\"primaryImageOfPage\":{\"@id\":\"https:\/\/www.vlascouture.com\/shop\/camasa-mocha-iconic\/#primaryimage\"},\"image\":{\"@id\":\"https:\/\/www.vlascouture.com\/shop\/camasa-mocha-iconic\/#primaryimage\"},\"thumbnailUrl\":\"https:\/\/www.vlascouture.com\/wp-content\/uploads\/2025\/11\/img_0782-1.jpeg\",\"datePublished\":\"2025-11-26T18:42:51+00:00\",\"dateModified\":\"2026-04-03T19:12:08+00:00\",\"breadcrumb\":{\"@id\":\"https:\/\/www.vlascouture.com\/shop\/camasa-mocha-iconic\/#breadcrumb\"},\"inLanguage\":\"ro-RO\",\"potentialAction\":[{\"@type\":\"ReadAction\",\"target\":[\"https:\/\/www.vlascouture.com\/shop\/camasa-mocha-iconic\/\"]}]},{\"@type\":\"ImageObject\",\"inLanguage\":\"ro-RO\",\"@id\":\"https:\/\/www.vlascouture.com\/shop\/camasa-mocha-iconic\/#primaryimage\",\"url\":\"https:\/\/www.vlascouture.com\/wp-content\/uploads\/2025\/11\/img_0782-1.jpeg\",\"contentUrl\":\"https:\/\/www.vlascouture.com\/wp-content\/uploads\/2025\/11\/img_0782-1.jpeg\",\"width\":1996,\"height\":3000},{\"@type\":\"BreadcrumbList\",\"@id\":\"https:\/\/www.vlascouture.com\/shop\/camasa-mocha-iconic\/#breadcrumb\",\"itemListElement\":[{\"@type\":\"ListItem\",\"position\":1,\"name\":\"Home\",\"item\":\"https:\/\/www.vlascouture.com\/\"},{\"@type\":\"ListItem\",\"position\":2,\"name\":\"Shop\",\"item\":\"https:\/\/www.vlascouture.com\/shop\/\"},{\"@type\":\"ListItem\",\"position\":3,\"name\":\"C\u0102MA\u0218\u0102 MOCHA ICONIC\"}]},{\"@type\":\"WebSite\",\"@id\":\"https:\/\/www.vlascouture.com\/#website\",\"url\":\"https:\/\/www.vlascouture.com\/\",\"name\":\"Vlas Couture\",\"description\":\"Vlas Couture\",\"potentialAction\":[{\"@type\":\"SearchAction\",\"target\":{\"@type\":\"EntryPoint\",\"urlTemplate\":\"https:\/\/www.vlascouture.com\/?s={search_term_string}\"},\"query-input\":\"required name=search_term_string\"}],\"inLanguage\":\"ro-RO\"}]}<\/script>\n<!-- \/ Yoast SEO plugin. -->","yoast_head_json":{"title":"C\u0102MA\u0218\u0102 MOCHA ICONIC - Vlas Couture","robots":{"index":"index","follow":"follow","max-snippet":"max-snippet:-1","max-image-preview":"max-image-preview:large","max-video-preview":"max-video-preview:-1"},"canonical":"https:\/\/www.vlascouture.com\/ro\/shop\/camasa-mocha-iconic\/","og_locale":"ro_RO","og_type":"article","og_title":"C\u0102MA\u0218\u0102 MOCHA ICONIC - Vlas Couture","og_description":"C\u0103ma\u0219\u0103 elegant\u0103 din satin premium, cu guler tip bijuterie decorat cu cristale aplicate manual. Croiala fluid\u0103 \u0219i m\u00e2necile u\u0219or bufante ofer\u0103 un&hellip;","og_url":"https:\/\/www.vlascouture.com\/ro\/shop\/camasa-mocha-iconic\/","og_site_name":"Vlas Couture","article_modified_time":"2026-04-03T19:12:08+00:00","og_image":[{"width":1996,"height":3000,"url":"https:\/\/www.vlascouture.com\/wp-content\/uploads\/2025\/11\/img_0782-1.jpeg","type":"image\/jpeg"}],"twitter_card":"summary_large_image","twitter_misc":{"Timp estimat pentru citire":"1 minut"},"schema":{"@context":"https:\/\/schema.org","@graph":[{"@type":"WebPage","@id":"https:\/\/www.vlascouture.com\/shop\/camasa-mocha-iconic\/","url":"https:\/\/www.vlascouture.com\/shop\/camasa-mocha-iconic\/","name":"C\u0102MA\u0218\u0102 MOCHA ICONIC - Vlas Couture","isPartOf":{"@id":"https:\/\/www.vlascouture.com\/#website"},"primaryImageOfPage":{"@id":"https:\/\/www.vlascouture.com\/shop\/camasa-mocha-iconic\/#primaryimage"},"image":{"@id":"https:\/\/www.vlascouture.com\/shop\/camasa-mocha-iconic\/#primaryimage"},"thumbnailUrl":"https:\/\/www.vlascouture.com\/wp-content\/uploads\/2025\/11\/img_0782-1.jpeg","datePublished":"2025-11-26T18:42:51+00:00","dateModified":"2026-04-03T19:12:08+00:00","breadcrumb":{"@id":"https:\/\/www.vlascouture.com\/shop\/camasa-mocha-iconic\/#breadcrumb"},"inLanguage":"ro-RO","potentialAction":[{"@type":"ReadAction","target":["https:\/\/www.vlascouture.com\/shop\/camasa-mocha-iconic\/"]}]},{"@type":"ImageObject","inLanguage":"ro-RO","@id":"https:\/\/www.vlascouture.com\/shop\/camasa-mocha-iconic\/#primaryimage","url":"https:\/\/www.vlascouture.com\/wp-content\/uploads\/2025\/11\/img_0782-1.jpeg","contentUrl":"https:\/\/www.vlascouture.com\/wp-content\/uploads\/2025\/11\/img_0782-1.jpeg","width":1996,"height":3000},{"@type":"BreadcrumbList","@id":"https:\/\/www.vlascouture.com\/shop\/camasa-mocha-iconic\/#breadcrumb","itemListElement":[{"@type":"ListItem","position":1,"name":"Home","item":"https:\/\/www.vlascouture.com\/"},{"@type":"ListItem","position":2,"name":"Shop","item":"https:\/\/www.vlascouture.com\/shop\/"},{"@type":"ListItem","position":3,"name":"C\u0102MA\u0218\u0102 MOCHA ICONIC"}]},{"@type":"WebSite","@id":"https:\/\/www.vlascouture.com\/#website","url":"https:\/\/www.vlascouture.com\/","name":"Vlas Couture","description":"Vlas Couture","potentialAction":[{"@type":"SearchAction","target":{"@type":"EntryPoint","urlTemplate":"https:\/\/www.vlascouture.com\/?s={search_term_string}"},"query-input":"required name=search_term_string"}],"inLanguage":"ro-RO"}]}},"jetpack_sharing_enabled":true,"_links":{"self":[{"href":"https:\/\/www.vlascouture.com\/ro\/wp-json\/wp\/v2\/product\/7996","targetHints":{"allow":["GET"]}}],"collection":[{"href":"https:\/\/www.vlascouture.com\/ro\/wp-json\/wp\/v2\/product"}],"about":[{"href":"https:\/\/www.vlascouture.com\/ro\/wp-json\/wp\/v2\/types\/product"}],"replies":[{"embeddable":true,"href":"https:\/\/www.vlascouture.com\/ro\/wp-json\/wp\/v2\/comments?post=7996"}],"version-history":[{"count":1,"href":"https:\/\/www.vlascouture.com\/ro\/wp-json\/wp\/v2\/product\/7996\/revisions"}],"predecessor-version":[{"id":7999,"href":"https:\/\/www.vlascouture.com\/ro\/wp-json\/wp\/v2\/product\/7996\/revisions\/7999"}],"wp:featuredmedia":[{"embeddable":true,"href":"https:\/\/www.vlascouture.com\/ro\/wp-json\/wp\/v2\/media\/8392"}],"wp:attachment":[{"href":"https:\/\/www.vlascouture.com\/ro\/wp-json\/wp\/v2\/media?parent=7996"}],"wp:term":[{"taxonomy":"product_cat","embeddable":true,"href":"https:\/\/www.vlascouture.com\/ro\/wp-json\/wp\/v2\/product_cat?post=7996"},{"taxonomy":"product_tag","embeddable":true,"href":"https:\/\/www.vlascouture.com\/ro\/wp-json\/wp\/v2\/product_tag?post=7996"}],"curies":[{"name":"wp","href":"https:\/\/api.w.org\/{rel}","templated":true}]}}