{"id":7956,"date":"2025-11-26T18:03:01","date_gmt":"2025-11-26T18:03:01","guid":{"rendered":"https:\/\/www.vlascouture.com\/?post_type=product&#038;p=7956"},"modified":"2026-03-30T05:37:17","modified_gmt":"2026-03-30T05:37:17","slug":"camasa-iconic-white","status":"publish","type":"product","link":"https:\/\/www.vlascouture.com\/ro\/shop\/camasa-iconic-white\/","title":{"rendered":"Camasa Iconic White"},"content":{"rendered":"<p data-start=\"219\" data-end=\"544\">C\u0103ma\u0219\u0103 elegant\u0103 din satin premium, cu guler tip bijuterie decorat cu cristale aplicate manual. Textura fin\u0103 \u0219i croiala sofisticat\u0103 ofer\u0103 un look rafinat \u0219i feminin, perfect pentru evenimente \u0219i apari\u021bii de sear\u0103.<br data-start=\"431\" data-end=\"434\" \/>Se combin\u0103 impecabil cu <strong data-start=\"458\" data-end=\"477\">fusta din tafta<\/strong> cu talie accentuat\u0103, form\u00e2nd un outfit couture modern \u0219i armonios.<\/p>","protected":false},"excerpt":{"rendered":"<p>C\u0103ma\u0219\u0103 elegant\u0103 din satin premium, cu guler tip bijuterie decorat cu cristale aplicate manual. Textura fin\u0103 \u0219i croiala sofisticat\u0103 ofer\u0103 un look&hellip;<\/p>","protected":false},"featured_media":8331,"comment_status":"closed","ping_status":"closed","template":"","meta":[],"product_cat":[279,220,267,230,287],"product_tag":[],"class_list":{"0":"post-7956","1":"product","2":"type-product","3":"status-publish","4":"has-post-thumbnail","6":"product_cat-luxe-essence","7":"product_cat-clothing","8":"product_cat-tops","9":"product_cat-all-tops","10":"product_cat-camasi","11":"pa_size-l-xl","12":"pa_size-s-m-2","14":"first","15":"instock","16":"taxable","17":"shipping-taxable","18":"purchasable","19":"product-type-variable"},"yoast_head":"<!-- This site is optimized with the Yoast SEO plugin v22.4 - https:\/\/yoast.com\/wordpress\/plugins\/seo\/ -->\n<title>Camasa Iconic White - Vlas Couture<\/title>\n<meta name=\"robots\" content=\"index, follow, max-snippet:-1, max-image-preview:large, max-video-preview:-1\" \/>\n<link rel=\"canonical\" href=\"https:\/\/www.vlascouture.com\/ro\/shop\/camasa-iconic-white\/\" \/>\n<meta property=\"og:locale\" content=\"ro_RO\" \/>\n<meta property=\"og:type\" content=\"article\" \/>\n<meta property=\"og:title\" content=\"Camasa Iconic White - Vlas Couture\" \/>\n<meta property=\"og:description\" content=\"C\u0103ma\u0219\u0103 elegant\u0103 din satin premium, cu guler tip bijuterie decorat cu cristale aplicate manual. Textura fin\u0103 \u0219i croiala sofisticat\u0103 ofer\u0103 un look&hellip;\" \/>\n<meta property=\"og:url\" content=\"https:\/\/www.vlascouture.com\/ro\/shop\/camasa-iconic-white\/\" \/>\n<meta property=\"og:site_name\" content=\"Vlas Couture\" \/>\n<meta property=\"article:modified_time\" content=\"2026-03-30T05:37:17+00:00\" \/>\n<meta property=\"og:image\" content=\"https:\/\/www.vlascouture.com\/wp-content\/uploads\/2025\/11\/img_0736.jpeg\" \/>\n\t<meta property=\"og:image:width\" content=\"1996\" \/>\n\t<meta property=\"og:image:height\" content=\"3000\" \/>\n\t<meta property=\"og:image:type\" content=\"image\/jpeg\" \/>\n<meta name=\"twitter:card\" content=\"summary_large_image\" \/>\n<meta name=\"twitter:label1\" content=\"Timp estimat pentru citire\" \/>\n\t<meta name=\"twitter:data1\" content=\"1 minut\" \/>\n<script type=\"application\/ld+json\" class=\"yoast-schema-graph\">{\"@context\":\"https:\/\/schema.org\",\"@graph\":[{\"@type\":\"WebPage\",\"@id\":\"https:\/\/www.vlascouture.com\/shop\/camasa-iconic-white\/\",\"url\":\"https:\/\/www.vlascouture.com\/shop\/camasa-iconic-white\/\",\"name\":\"Camasa Iconic White - Vlas Couture\",\"isPartOf\":{\"@id\":\"https:\/\/www.vlascouture.com\/#website\"},\"primaryImageOfPage\":{\"@id\":\"https:\/\/www.vlascouture.com\/shop\/camasa-iconic-white\/#primaryimage\"},\"image\":{\"@id\":\"https:\/\/www.vlascouture.com\/shop\/camasa-iconic-white\/#primaryimage\"},\"thumbnailUrl\":\"https:\/\/www.vlascouture.com\/wp-content\/uploads\/2025\/11\/img_0736.jpeg\",\"datePublished\":\"2025-11-26T18:03:01+00:00\",\"dateModified\":\"2026-03-30T05:37:17+00:00\",\"breadcrumb\":{\"@id\":\"https:\/\/www.vlascouture.com\/shop\/camasa-iconic-white\/#breadcrumb\"},\"inLanguage\":\"ro-RO\",\"potentialAction\":[{\"@type\":\"ReadAction\",\"target\":[\"https:\/\/www.vlascouture.com\/shop\/camasa-iconic-white\/\"]}]},{\"@type\":\"ImageObject\",\"inLanguage\":\"ro-RO\",\"@id\":\"https:\/\/www.vlascouture.com\/shop\/camasa-iconic-white\/#primaryimage\",\"url\":\"https:\/\/www.vlascouture.com\/wp-content\/uploads\/2025\/11\/img_0736.jpeg\",\"contentUrl\":\"https:\/\/www.vlascouture.com\/wp-content\/uploads\/2025\/11\/img_0736.jpeg\",\"width\":1996,\"height\":3000},{\"@type\":\"BreadcrumbList\",\"@id\":\"https:\/\/www.vlascouture.com\/shop\/camasa-iconic-white\/#breadcrumb\",\"itemListElement\":[{\"@type\":\"ListItem\",\"position\":1,\"name\":\"Home\",\"item\":\"https:\/\/www.vlascouture.com\/\"},{\"@type\":\"ListItem\",\"position\":2,\"name\":\"Shop\",\"item\":\"https:\/\/www.vlascouture.com\/shop\/\"},{\"@type\":\"ListItem\",\"position\":3,\"name\":\"Camasa Iconic White\"}]},{\"@type\":\"WebSite\",\"@id\":\"https:\/\/www.vlascouture.com\/#website\",\"url\":\"https:\/\/www.vlascouture.com\/\",\"name\":\"Vlas Couture\",\"description\":\"Vlas Couture\",\"potentialAction\":[{\"@type\":\"SearchAction\",\"target\":{\"@type\":\"EntryPoint\",\"urlTemplate\":\"https:\/\/www.vlascouture.com\/?s={search_term_string}\"},\"query-input\":\"required name=search_term_string\"}],\"inLanguage\":\"ro-RO\"}]}<\/script>\n<!-- \/ Yoast SEO plugin. -->","yoast_head_json":{"title":"Camasa Iconic White - Vlas Couture","robots":{"index":"index","follow":"follow","max-snippet":"max-snippet:-1","max-image-preview":"max-image-preview:large","max-video-preview":"max-video-preview:-1"},"canonical":"https:\/\/www.vlascouture.com\/ro\/shop\/camasa-iconic-white\/","og_locale":"ro_RO","og_type":"article","og_title":"Camasa Iconic White - Vlas Couture","og_description":"C\u0103ma\u0219\u0103 elegant\u0103 din satin premium, cu guler tip bijuterie decorat cu cristale aplicate manual. Textura fin\u0103 \u0219i croiala sofisticat\u0103 ofer\u0103 un look&hellip;","og_url":"https:\/\/www.vlascouture.com\/ro\/shop\/camasa-iconic-white\/","og_site_name":"Vlas Couture","article_modified_time":"2026-03-30T05:37:17+00:00","og_image":[{"width":1996,"height":3000,"url":"https:\/\/www.vlascouture.com\/wp-content\/uploads\/2025\/11\/img_0736.jpeg","type":"image\/jpeg"}],"twitter_card":"summary_large_image","twitter_misc":{"Timp estimat pentru citire":"1 minut"},"schema":{"@context":"https:\/\/schema.org","@graph":[{"@type":"WebPage","@id":"https:\/\/www.vlascouture.com\/shop\/camasa-iconic-white\/","url":"https:\/\/www.vlascouture.com\/shop\/camasa-iconic-white\/","name":"Camasa Iconic White - Vlas Couture","isPartOf":{"@id":"https:\/\/www.vlascouture.com\/#website"},"primaryImageOfPage":{"@id":"https:\/\/www.vlascouture.com\/shop\/camasa-iconic-white\/#primaryimage"},"image":{"@id":"https:\/\/www.vlascouture.com\/shop\/camasa-iconic-white\/#primaryimage"},"thumbnailUrl":"https:\/\/www.vlascouture.com\/wp-content\/uploads\/2025\/11\/img_0736.jpeg","datePublished":"2025-11-26T18:03:01+00:00","dateModified":"2026-03-30T05:37:17+00:00","breadcrumb":{"@id":"https:\/\/www.vlascouture.com\/shop\/camasa-iconic-white\/#breadcrumb"},"inLanguage":"ro-RO","potentialAction":[{"@type":"ReadAction","target":["https:\/\/www.vlascouture.com\/shop\/camasa-iconic-white\/"]}]},{"@type":"ImageObject","inLanguage":"ro-RO","@id":"https:\/\/www.vlascouture.com\/shop\/camasa-iconic-white\/#primaryimage","url":"https:\/\/www.vlascouture.com\/wp-content\/uploads\/2025\/11\/img_0736.jpeg","contentUrl":"https:\/\/www.vlascouture.com\/wp-content\/uploads\/2025\/11\/img_0736.jpeg","width":1996,"height":3000},{"@type":"BreadcrumbList","@id":"https:\/\/www.vlascouture.com\/shop\/camasa-iconic-white\/#breadcrumb","itemListElement":[{"@type":"ListItem","position":1,"name":"Home","item":"https:\/\/www.vlascouture.com\/"},{"@type":"ListItem","position":2,"name":"Shop","item":"https:\/\/www.vlascouture.com\/shop\/"},{"@type":"ListItem","position":3,"name":"Camasa Iconic White"}]},{"@type":"WebSite","@id":"https:\/\/www.vlascouture.com\/#website","url":"https:\/\/www.vlascouture.com\/","name":"Vlas Couture","description":"Vlas Couture","potentialAction":[{"@type":"SearchAction","target":{"@type":"EntryPoint","urlTemplate":"https:\/\/www.vlascouture.com\/?s={search_term_string}"},"query-input":"required name=search_term_string"}],"inLanguage":"ro-RO"}]}},"jetpack_sharing_enabled":true,"_links":{"self":[{"href":"https:\/\/www.vlascouture.com\/ro\/wp-json\/wp\/v2\/product\/7956","targetHints":{"allow":["GET"]}}],"collection":[{"href":"https:\/\/www.vlascouture.com\/ro\/wp-json\/wp\/v2\/product"}],"about":[{"href":"https:\/\/www.vlascouture.com\/ro\/wp-json\/wp\/v2\/types\/product"}],"replies":[{"embeddable":true,"href":"https:\/\/www.vlascouture.com\/ro\/wp-json\/wp\/v2\/comments?post=7956"}],"version-history":[{"count":1,"href":"https:\/\/www.vlascouture.com\/ro\/wp-json\/wp\/v2\/product\/7956\/revisions"}],"predecessor-version":[{"id":7959,"href":"https:\/\/www.vlascouture.com\/ro\/wp-json\/wp\/v2\/product\/7956\/revisions\/7959"}],"wp:featuredmedia":[{"embeddable":true,"href":"https:\/\/www.vlascouture.com\/ro\/wp-json\/wp\/v2\/media\/8331"}],"wp:attachment":[{"href":"https:\/\/www.vlascouture.com\/ro\/wp-json\/wp\/v2\/media?parent=7956"}],"wp:term":[{"taxonomy":"product_cat","embeddable":true,"href":"https:\/\/www.vlascouture.com\/ro\/wp-json\/wp\/v2\/product_cat?post=7956"},{"taxonomy":"product_tag","embeddable":true,"href":"https:\/\/www.vlascouture.com\/ro\/wp-json\/wp\/v2\/product_tag?post=7956"}],"curies":[{"name":"wp","href":"https:\/\/api.w.org\/{rel}","templated":true}]}}