{"id":7926,"date":"2025-11-25T20:32:48","date_gmt":"2025-11-25T20:32:48","guid":{"rendered":"https:\/\/www.vlascouture.com\/?post_type=product&#038;p=7926"},"modified":"2026-03-30T05:38:03","modified_gmt":"2026-03-30T05:38:03","slug":"camasa-icon-noir-cu-guler-bijuterie","status":"publish","type":"product","link":"https:\/\/www.vlascouture.com\/ro\/shop\/camasa-icon-noir-cu-guler-bijuterie\/","title":{"rendered":"Camasa Iconic Noir"},"content":{"rendered":"<p data-start=\"210\" data-end=\"532\">C\u0103ma\u0219a cu guler bijuterie este o pies\u0103 statement ce \u00eembin\u0103 elegan\u021ba clasic\u0103 cu detalii premium realizate manual. Creat\u0103 dintr-un material fin cu aspect satinat, aceast\u0103 c\u0103ma\u0219\u0103 se remarc\u0103 prin gulerul spectaculos, \u00eempodobit cu cristale cusute manual, care adaug\u0103 un plus de rafinament \u0219i str\u0103lucire subtil\u0103.<\/p>\n<p data-start=\"534\" data-end=\"853\">Croiala sa elegant\u0103 \u0219i liniile curate ofer\u0103 o siluet\u0103 armonioas\u0103, ideal\u0103 pentru evenimente, \u021binute de sear\u0103 sau apari\u021bii sofisticate. M\u00e2necile lungi \u0219i man\u0219etele delicate completeaz\u0103 designul, transform\u00e2nd aceast\u0103 c\u0103ma\u0219\u0103 \u00eentr-o pies\u0103 versatil\u0103, potrivit\u0103 at\u00e2t pentru outfituri clasice, c\u00e2t \u0219i pentru combina\u021bii moderne.<\/p>\n<p data-start=\"855\" data-end=\"965\">Un articol vestimentar exclusivist, creat pentru femeia care apreciaz\u0103 detaliile fine \u0219i calitatea impecabil\u0103.<\/p>","protected":false},"excerpt":{"rendered":"<p>C\u0103ma\u0219a cu guler bijuterie este o pies\u0103 statement ce \u00eembin\u0103 elegan\u021ba clasic\u0103 cu detalii premium realizate manual. Creat\u0103 dintr-un material fin cu&hellip;<\/p>","protected":false},"featured_media":8295,"comment_status":"closed","ping_status":"closed","template":"","meta":[],"product_cat":[279,220,267,230,287],"product_tag":[288,282,289],"class_list":{"0":"post-7926","1":"product","2":"type-product","3":"status-publish","4":"has-post-thumbnail","6":"product_cat-luxe-essence","7":"product_cat-clothing","8":"product_cat-tops","9":"product_cat-all-tops","10":"product_cat-camasi","11":"product_tag-camasa-skirt","12":"product_tag-set","13":"product_tag-work","14":"pa_size-l-xl","15":"pa_size-s-m-2","17":"first","18":"instock","19":"taxable","20":"shipping-taxable","21":"purchasable","22":"product-type-variable"},"yoast_head":"<!-- This site is optimized with the Yoast SEO plugin v22.4 - https:\/\/yoast.com\/wordpress\/plugins\/seo\/ -->\n<title>Camasa Iconic Noir - Vlas Couture<\/title>\n<meta name=\"robots\" content=\"index, follow, max-snippet:-1, max-image-preview:large, max-video-preview:-1\" \/>\n<link rel=\"canonical\" href=\"https:\/\/www.vlascouture.com\/ro\/shop\/camasa-icon-noir-cu-guler-bijuterie\/\" \/>\n<meta property=\"og:locale\" content=\"ro_RO\" \/>\n<meta property=\"og:type\" content=\"article\" \/>\n<meta property=\"og:title\" content=\"Camasa Iconic Noir - Vlas Couture\" \/>\n<meta property=\"og:description\" content=\"C\u0103ma\u0219a cu guler bijuterie este o pies\u0103 statement ce \u00eembin\u0103 elegan\u021ba clasic\u0103 cu detalii premium realizate manual. Creat\u0103 dintr-un material fin cu&hellip;\" \/>\n<meta property=\"og:url\" content=\"https:\/\/www.vlascouture.com\/ro\/shop\/camasa-icon-noir-cu-guler-bijuterie\/\" \/>\n<meta property=\"og:site_name\" content=\"Vlas Couture\" \/>\n<meta property=\"article:modified_time\" content=\"2026-03-30T05:38:03+00:00\" \/>\n<meta property=\"og:image\" content=\"https:\/\/www.vlascouture.com\/wp-content\/uploads\/2025\/11\/img_0744-1.jpeg\" \/>\n\t<meta property=\"og:image:width\" content=\"1996\" \/>\n\t<meta property=\"og:image:height\" content=\"3000\" \/>\n\t<meta property=\"og:image:type\" content=\"image\/jpeg\" \/>\n<meta name=\"twitter:card\" content=\"summary_large_image\" \/>\n<meta name=\"twitter:label1\" content=\"Timp estimat pentru citire\" \/>\n\t<meta name=\"twitter:data1\" content=\"1 minut\" \/>\n<script type=\"application\/ld+json\" class=\"yoast-schema-graph\">{\"@context\":\"https:\/\/schema.org\",\"@graph\":[{\"@type\":\"WebPage\",\"@id\":\"https:\/\/www.vlascouture.com\/shop\/camasa-icon-noir-cu-guler-bijuterie\/\",\"url\":\"https:\/\/www.vlascouture.com\/shop\/camasa-icon-noir-cu-guler-bijuterie\/\",\"name\":\"Camasa Iconic Noir - Vlas Couture\",\"isPartOf\":{\"@id\":\"https:\/\/www.vlascouture.com\/#website\"},\"primaryImageOfPage\":{\"@id\":\"https:\/\/www.vlascouture.com\/shop\/camasa-icon-noir-cu-guler-bijuterie\/#primaryimage\"},\"image\":{\"@id\":\"https:\/\/www.vlascouture.com\/shop\/camasa-icon-noir-cu-guler-bijuterie\/#primaryimage\"},\"thumbnailUrl\":\"https:\/\/www.vlascouture.com\/wp-content\/uploads\/2025\/11\/img_0744-1.jpeg\",\"datePublished\":\"2025-11-25T20:32:48+00:00\",\"dateModified\":\"2026-03-30T05:38:03+00:00\",\"breadcrumb\":{\"@id\":\"https:\/\/www.vlascouture.com\/shop\/camasa-icon-noir-cu-guler-bijuterie\/#breadcrumb\"},\"inLanguage\":\"ro-RO\",\"potentialAction\":[{\"@type\":\"ReadAction\",\"target\":[\"https:\/\/www.vlascouture.com\/shop\/camasa-icon-noir-cu-guler-bijuterie\/\"]}]},{\"@type\":\"ImageObject\",\"inLanguage\":\"ro-RO\",\"@id\":\"https:\/\/www.vlascouture.com\/shop\/camasa-icon-noir-cu-guler-bijuterie\/#primaryimage\",\"url\":\"https:\/\/www.vlascouture.com\/wp-content\/uploads\/2025\/11\/img_0744-1.jpeg\",\"contentUrl\":\"https:\/\/www.vlascouture.com\/wp-content\/uploads\/2025\/11\/img_0744-1.jpeg\",\"width\":1996,\"height\":3000},{\"@type\":\"BreadcrumbList\",\"@id\":\"https:\/\/www.vlascouture.com\/shop\/camasa-icon-noir-cu-guler-bijuterie\/#breadcrumb\",\"itemListElement\":[{\"@type\":\"ListItem\",\"position\":1,\"name\":\"Home\",\"item\":\"https:\/\/www.vlascouture.com\/\"},{\"@type\":\"ListItem\",\"position\":2,\"name\":\"Shop\",\"item\":\"https:\/\/www.vlascouture.com\/shop\/\"},{\"@type\":\"ListItem\",\"position\":3,\"name\":\"Camasa Iconic Noir\"}]},{\"@type\":\"WebSite\",\"@id\":\"https:\/\/www.vlascouture.com\/#website\",\"url\":\"https:\/\/www.vlascouture.com\/\",\"name\":\"Vlas Couture\",\"description\":\"Vlas Couture\",\"potentialAction\":[{\"@type\":\"SearchAction\",\"target\":{\"@type\":\"EntryPoint\",\"urlTemplate\":\"https:\/\/www.vlascouture.com\/?s={search_term_string}\"},\"query-input\":\"required name=search_term_string\"}],\"inLanguage\":\"ro-RO\"}]}<\/script>\n<!-- \/ Yoast SEO plugin. -->","yoast_head_json":{"title":"Camasa Iconic Noir - Vlas Couture","robots":{"index":"index","follow":"follow","max-snippet":"max-snippet:-1","max-image-preview":"max-image-preview:large","max-video-preview":"max-video-preview:-1"},"canonical":"https:\/\/www.vlascouture.com\/ro\/shop\/camasa-icon-noir-cu-guler-bijuterie\/","og_locale":"ro_RO","og_type":"article","og_title":"Camasa Iconic Noir - Vlas Couture","og_description":"C\u0103ma\u0219a cu guler bijuterie este o pies\u0103 statement ce \u00eembin\u0103 elegan\u021ba clasic\u0103 cu detalii premium realizate manual. Creat\u0103 dintr-un material fin cu&hellip;","og_url":"https:\/\/www.vlascouture.com\/ro\/shop\/camasa-icon-noir-cu-guler-bijuterie\/","og_site_name":"Vlas Couture","article_modified_time":"2026-03-30T05:38:03+00:00","og_image":[{"width":1996,"height":3000,"url":"https:\/\/www.vlascouture.com\/wp-content\/uploads\/2025\/11\/img_0744-1.jpeg","type":"image\/jpeg"}],"twitter_card":"summary_large_image","twitter_misc":{"Timp estimat pentru citire":"1 minut"},"schema":{"@context":"https:\/\/schema.org","@graph":[{"@type":"WebPage","@id":"https:\/\/www.vlascouture.com\/shop\/camasa-icon-noir-cu-guler-bijuterie\/","url":"https:\/\/www.vlascouture.com\/shop\/camasa-icon-noir-cu-guler-bijuterie\/","name":"Camasa Iconic Noir - Vlas Couture","isPartOf":{"@id":"https:\/\/www.vlascouture.com\/#website"},"primaryImageOfPage":{"@id":"https:\/\/www.vlascouture.com\/shop\/camasa-icon-noir-cu-guler-bijuterie\/#primaryimage"},"image":{"@id":"https:\/\/www.vlascouture.com\/shop\/camasa-icon-noir-cu-guler-bijuterie\/#primaryimage"},"thumbnailUrl":"https:\/\/www.vlascouture.com\/wp-content\/uploads\/2025\/11\/img_0744-1.jpeg","datePublished":"2025-11-25T20:32:48+00:00","dateModified":"2026-03-30T05:38:03+00:00","breadcrumb":{"@id":"https:\/\/www.vlascouture.com\/shop\/camasa-icon-noir-cu-guler-bijuterie\/#breadcrumb"},"inLanguage":"ro-RO","potentialAction":[{"@type":"ReadAction","target":["https:\/\/www.vlascouture.com\/shop\/camasa-icon-noir-cu-guler-bijuterie\/"]}]},{"@type":"ImageObject","inLanguage":"ro-RO","@id":"https:\/\/www.vlascouture.com\/shop\/camasa-icon-noir-cu-guler-bijuterie\/#primaryimage","url":"https:\/\/www.vlascouture.com\/wp-content\/uploads\/2025\/11\/img_0744-1.jpeg","contentUrl":"https:\/\/www.vlascouture.com\/wp-content\/uploads\/2025\/11\/img_0744-1.jpeg","width":1996,"height":3000},{"@type":"BreadcrumbList","@id":"https:\/\/www.vlascouture.com\/shop\/camasa-icon-noir-cu-guler-bijuterie\/#breadcrumb","itemListElement":[{"@type":"ListItem","position":1,"name":"Home","item":"https:\/\/www.vlascouture.com\/"},{"@type":"ListItem","position":2,"name":"Shop","item":"https:\/\/www.vlascouture.com\/shop\/"},{"@type":"ListItem","position":3,"name":"Camasa Iconic Noir"}]},{"@type":"WebSite","@id":"https:\/\/www.vlascouture.com\/#website","url":"https:\/\/www.vlascouture.com\/","name":"Vlas Couture","description":"Vlas Couture","potentialAction":[{"@type":"SearchAction","target":{"@type":"EntryPoint","urlTemplate":"https:\/\/www.vlascouture.com\/?s={search_term_string}"},"query-input":"required name=search_term_string"}],"inLanguage":"ro-RO"}]}},"jetpack_sharing_enabled":true,"_links":{"self":[{"href":"https:\/\/www.vlascouture.com\/ro\/wp-json\/wp\/v2\/product\/7926","targetHints":{"allow":["GET"]}}],"collection":[{"href":"https:\/\/www.vlascouture.com\/ro\/wp-json\/wp\/v2\/product"}],"about":[{"href":"https:\/\/www.vlascouture.com\/ro\/wp-json\/wp\/v2\/types\/product"}],"replies":[{"embeddable":true,"href":"https:\/\/www.vlascouture.com\/ro\/wp-json\/wp\/v2\/comments?post=7926"}],"version-history":[{"count":4,"href":"https:\/\/www.vlascouture.com\/ro\/wp-json\/wp\/v2\/product\/7926\/revisions"}],"predecessor-version":[{"id":9038,"href":"https:\/\/www.vlascouture.com\/ro\/wp-json\/wp\/v2\/product\/7926\/revisions\/9038"}],"wp:featuredmedia":[{"embeddable":true,"href":"https:\/\/www.vlascouture.com\/ro\/wp-json\/wp\/v2\/media\/8295"}],"wp:attachment":[{"href":"https:\/\/www.vlascouture.com\/ro\/wp-json\/wp\/v2\/media?parent=7926"}],"wp:term":[{"taxonomy":"product_cat","embeddable":true,"href":"https:\/\/www.vlascouture.com\/ro\/wp-json\/wp\/v2\/product_cat?post=7926"},{"taxonomy":"product_tag","embeddable":true,"href":"https:\/\/www.vlascouture.com\/ro\/wp-json\/wp\/v2\/product_tag?post=7926"}],"curies":[{"name":"wp","href":"https:\/\/api.w.org\/{rel}","templated":true}]}}