{"id":7916,"date":"2025-11-25T19:58:07","date_gmt":"2025-11-25T19:58:07","guid":{"rendered":"https:\/\/www.vlascouture.com\/?post_type=product&#038;p=7916"},"modified":"2026-03-30T05:38:23","modified_gmt":"2026-03-30T05:38:23","slug":"set-iconic-noir-camasa-satinata-cu-detalii-stralucitoare-pantaloni-palazzo","status":"publish","type":"product","link":"https:\/\/www.vlascouture.com\/ro\/shop\/set-iconic-noir-camasa-satinata-cu-detalii-stralucitoare-pantaloni-palazzo\/","title":{"rendered":"Iconic Noir Set"},"content":{"rendered":"<p data-start=\"106\" data-end=\"472\">Descoper\u0103 rafinamentul absolut cu setul <strong>Iconic<\/strong><strong data-start=\"170\" data-end=\"187\">\u00a0Noir<\/strong> de la <strong data-start=\"194\" data-end=\"210\" data-is-only-node=\"\">Vlas Couture<\/strong>, creat pentru femeia care \u00eembin\u0103 elegan\u021ba modern\u0103 cu simplitatea sofisticat\u0103. C\u0103ma\u0219a neagr\u0103 satinat-mat\u0103, cu umeri u\u0219or structura\u021bi \u0219i guler decorat cu aplica\u021bii str\u0103lucitoare, adaug\u0103 un aer glam subtil, perfect pentru \u021binute de sear\u0103 sau evenimente speciale.<\/p>\n<p data-start=\"474\" data-end=\"687\">Pantalonii cu talie \u00eenalt\u0103 \u0219i croial\u0103 palazzo completeaz\u0103 armonios \u021binuta, oferind o siluet\u0103 alungit\u0103 \u0219i un plus de confort. Detaliile frontale, inspirate din stilul tailored, aduc un touch contemporan \u0219i luxos.<\/p>\n<p data-start=\"689\" data-end=\"920\" data-is-last-node=\"\" data-is-only-node=\"\">Ideal pentru cocktail, \u00eent\u00e2lniri business sau apari\u021bii elegante, acest set reprezint\u0103 combina\u021bia perfect\u0103 \u00eentre stil, calitate \u0219i atitudine.<br data-start=\"829\" data-end=\"832\" \/><strong data-start=\"832\" data-end=\"920\" data-is-last-node=\"\">Un outfit statement, care pune \u00een valoare personalitatea \u0219i elegan\u021ba fiec\u0103rei femei.<\/strong><\/p>","protected":false},"excerpt":{"rendered":"<p>Descoper\u0103 rafinamentul absolut cu setul Iconic\u00a0Noir de la Vlas Couture, creat pentru femeia care \u00eembin\u0103 elegan\u021ba modern\u0103 cu simplitatea sofisticat\u0103. C\u0103ma\u0219a neagr\u0103&hellip;<\/p>","protected":false},"featured_media":8286,"comment_status":"closed","ping_status":"closed","template":"","meta":[],"product_cat":[314,279,236],"product_tag":[283,281,284,282,125],"class_list":{"0":"post-7916","1":"product","2":"type-product","3":"status-publish","4":"has-post-thumbnail","6":"product_cat-signature","7":"product_cat-luxe-essence","8":"product_cat-suits","9":"product_tag-camasa","10":"product_tag-costum","11":"product_tag-pantaloni","12":"product_tag-set","13":"product_tag-suit","14":"pa_size-l","15":"pa_size-m","16":"pa_size-s","17":"pa_size-xl","18":"pa_size-xs","20":"first","21":"instock","22":"taxable","23":"shipping-taxable","24":"purchasable","25":"product-type-variable"},"yoast_head":"<!-- This site is optimized with the Yoast SEO plugin v22.4 - https:\/\/yoast.com\/wordpress\/plugins\/seo\/ -->\n<title>Iconic Noir Set - Vlas Couture<\/title>\n<meta name=\"description\" content=\"Setul Icon Noir \u00eembin\u0103 elegan\u021ba modern\u0103 cu rafinamentul minimalist. Realizat din materiale premium, acest set versatil pune \u00een valoare silueta \u0219i ofer\u0103 un look sofisticat pentru evenimente, seri speciale sau apari\u021bii de impact.\" \/>\n<meta name=\"robots\" content=\"index, follow, max-snippet:-1, max-image-preview:large, max-video-preview:-1\" \/>\n<link rel=\"canonical\" href=\"https:\/\/www.vlascouture.com\/ro\/shop\/set-iconic-noir-camasa-satinata-cu-detalii-stralucitoare-pantaloni-palazzo\/\" \/>\n<meta property=\"og:locale\" content=\"ro_RO\" \/>\n<meta property=\"og:type\" content=\"article\" \/>\n<meta property=\"og:title\" content=\"Iconic Noir Set - Vlas Couture\" \/>\n<meta property=\"og:description\" content=\"Setul Icon Noir \u00eembin\u0103 elegan\u021ba modern\u0103 cu rafinamentul minimalist. Realizat din materiale premium, acest set versatil pune \u00een valoare silueta \u0219i ofer\u0103 un look sofisticat pentru evenimente, seri speciale sau apari\u021bii de impact.\" \/>\n<meta property=\"og:url\" content=\"https:\/\/www.vlascouture.com\/ro\/shop\/set-iconic-noir-camasa-satinata-cu-detalii-stralucitoare-pantaloni-palazzo\/\" \/>\n<meta property=\"og:site_name\" content=\"Vlas Couture\" \/>\n<meta property=\"article:modified_time\" content=\"2026-03-30T05:38:23+00:00\" \/>\n<meta property=\"og:image\" content=\"https:\/\/www.vlascouture.com\/wp-content\/uploads\/2025\/11\/img_0752.jpeg\" \/>\n\t<meta property=\"og:image:width\" content=\"1996\" \/>\n\t<meta property=\"og:image:height\" content=\"3000\" \/>\n\t<meta property=\"og:image:type\" content=\"image\/jpeg\" \/>\n<meta name=\"twitter:card\" content=\"summary_large_image\" \/>\n<meta name=\"twitter:label1\" content=\"Timp estimat pentru citire\" \/>\n\t<meta name=\"twitter:data1\" content=\"1 minut\" \/>\n<script type=\"application\/ld+json\" class=\"yoast-schema-graph\">{\"@context\":\"https:\/\/schema.org\",\"@graph\":[{\"@type\":\"WebPage\",\"@id\":\"https:\/\/www.vlascouture.com\/shop\/set-iconic-noir-camasa-satinata-cu-detalii-stralucitoare-pantaloni-palazzo\/\",\"url\":\"https:\/\/www.vlascouture.com\/shop\/set-iconic-noir-camasa-satinata-cu-detalii-stralucitoare-pantaloni-palazzo\/\",\"name\":\"Iconic Noir Set - Vlas Couture\",\"isPartOf\":{\"@id\":\"https:\/\/www.vlascouture.com\/#website\"},\"primaryImageOfPage\":{\"@id\":\"https:\/\/www.vlascouture.com\/shop\/set-iconic-noir-camasa-satinata-cu-detalii-stralucitoare-pantaloni-palazzo\/#primaryimage\"},\"image\":{\"@id\":\"https:\/\/www.vlascouture.com\/shop\/set-iconic-noir-camasa-satinata-cu-detalii-stralucitoare-pantaloni-palazzo\/#primaryimage\"},\"thumbnailUrl\":\"https:\/\/www.vlascouture.com\/wp-content\/uploads\/2025\/11\/img_0752.jpeg\",\"datePublished\":\"2025-11-25T19:58:07+00:00\",\"dateModified\":\"2026-03-30T05:38:23+00:00\",\"description\":\"Setul Icon Noir \u00eembin\u0103 elegan\u021ba modern\u0103 cu rafinamentul minimalist. Realizat din materiale premium, acest set versatil pune \u00een valoare silueta \u0219i ofer\u0103 un look sofisticat pentru evenimente, seri speciale sau apari\u021bii de impact.\",\"breadcrumb\":{\"@id\":\"https:\/\/www.vlascouture.com\/shop\/set-iconic-noir-camasa-satinata-cu-detalii-stralucitoare-pantaloni-palazzo\/#breadcrumb\"},\"inLanguage\":\"ro-RO\",\"potentialAction\":[{\"@type\":\"ReadAction\",\"target\":[\"https:\/\/www.vlascouture.com\/shop\/set-iconic-noir-camasa-satinata-cu-detalii-stralucitoare-pantaloni-palazzo\/\"]}]},{\"@type\":\"ImageObject\",\"inLanguage\":\"ro-RO\",\"@id\":\"https:\/\/www.vlascouture.com\/shop\/set-iconic-noir-camasa-satinata-cu-detalii-stralucitoare-pantaloni-palazzo\/#primaryimage\",\"url\":\"https:\/\/www.vlascouture.com\/wp-content\/uploads\/2025\/11\/img_0752.jpeg\",\"contentUrl\":\"https:\/\/www.vlascouture.com\/wp-content\/uploads\/2025\/11\/img_0752.jpeg\",\"width\":1996,\"height\":3000},{\"@type\":\"BreadcrumbList\",\"@id\":\"https:\/\/www.vlascouture.com\/shop\/set-iconic-noir-camasa-satinata-cu-detalii-stralucitoare-pantaloni-palazzo\/#breadcrumb\",\"itemListElement\":[{\"@type\":\"ListItem\",\"position\":1,\"name\":\"Home\",\"item\":\"https:\/\/www.vlascouture.com\/\"},{\"@type\":\"ListItem\",\"position\":2,\"name\":\"Shop\",\"item\":\"https:\/\/www.vlascouture.com\/shop\/\"},{\"@type\":\"ListItem\",\"position\":3,\"name\":\"Iconic Noir Set\"}]},{\"@type\":\"WebSite\",\"@id\":\"https:\/\/www.vlascouture.com\/#website\",\"url\":\"https:\/\/www.vlascouture.com\/\",\"name\":\"Vlas Couture\",\"description\":\"Vlas Couture\",\"potentialAction\":[{\"@type\":\"SearchAction\",\"target\":{\"@type\":\"EntryPoint\",\"urlTemplate\":\"https:\/\/www.vlascouture.com\/?s={search_term_string}\"},\"query-input\":\"required name=search_term_string\"}],\"inLanguage\":\"ro-RO\"}]}<\/script>\n<!-- \/ Yoast SEO plugin. -->","yoast_head_json":{"title":"Iconic Noir Set - Vlas Couture","description":"Setul Icon Noir \u00eembin\u0103 elegan\u021ba modern\u0103 cu rafinamentul minimalist. Realizat din materiale premium, acest set versatil pune \u00een valoare silueta \u0219i ofer\u0103 un look sofisticat pentru evenimente, seri speciale sau apari\u021bii de impact.","robots":{"index":"index","follow":"follow","max-snippet":"max-snippet:-1","max-image-preview":"max-image-preview:large","max-video-preview":"max-video-preview:-1"},"canonical":"https:\/\/www.vlascouture.com\/ro\/shop\/set-iconic-noir-camasa-satinata-cu-detalii-stralucitoare-pantaloni-palazzo\/","og_locale":"ro_RO","og_type":"article","og_title":"Iconic Noir Set - Vlas Couture","og_description":"Setul Icon Noir \u00eembin\u0103 elegan\u021ba modern\u0103 cu rafinamentul minimalist. Realizat din materiale premium, acest set versatil pune \u00een valoare silueta \u0219i ofer\u0103 un look sofisticat pentru evenimente, seri speciale sau apari\u021bii de impact.","og_url":"https:\/\/www.vlascouture.com\/ro\/shop\/set-iconic-noir-camasa-satinata-cu-detalii-stralucitoare-pantaloni-palazzo\/","og_site_name":"Vlas Couture","article_modified_time":"2026-03-30T05:38:23+00:00","og_image":[{"width":1996,"height":3000,"url":"https:\/\/www.vlascouture.com\/wp-content\/uploads\/2025\/11\/img_0752.jpeg","type":"image\/jpeg"}],"twitter_card":"summary_large_image","twitter_misc":{"Timp estimat pentru citire":"1 minut"},"schema":{"@context":"https:\/\/schema.org","@graph":[{"@type":"WebPage","@id":"https:\/\/www.vlascouture.com\/shop\/set-iconic-noir-camasa-satinata-cu-detalii-stralucitoare-pantaloni-palazzo\/","url":"https:\/\/www.vlascouture.com\/shop\/set-iconic-noir-camasa-satinata-cu-detalii-stralucitoare-pantaloni-palazzo\/","name":"Iconic Noir Set - Vlas Couture","isPartOf":{"@id":"https:\/\/www.vlascouture.com\/#website"},"primaryImageOfPage":{"@id":"https:\/\/www.vlascouture.com\/shop\/set-iconic-noir-camasa-satinata-cu-detalii-stralucitoare-pantaloni-palazzo\/#primaryimage"},"image":{"@id":"https:\/\/www.vlascouture.com\/shop\/set-iconic-noir-camasa-satinata-cu-detalii-stralucitoare-pantaloni-palazzo\/#primaryimage"},"thumbnailUrl":"https:\/\/www.vlascouture.com\/wp-content\/uploads\/2025\/11\/img_0752.jpeg","datePublished":"2025-11-25T19:58:07+00:00","dateModified":"2026-03-30T05:38:23+00:00","description":"Setul Icon Noir \u00eembin\u0103 elegan\u021ba modern\u0103 cu rafinamentul minimalist. Realizat din materiale premium, acest set versatil pune \u00een valoare silueta \u0219i ofer\u0103 un look sofisticat pentru evenimente, seri speciale sau apari\u021bii de impact.","breadcrumb":{"@id":"https:\/\/www.vlascouture.com\/shop\/set-iconic-noir-camasa-satinata-cu-detalii-stralucitoare-pantaloni-palazzo\/#breadcrumb"},"inLanguage":"ro-RO","potentialAction":[{"@type":"ReadAction","target":["https:\/\/www.vlascouture.com\/shop\/set-iconic-noir-camasa-satinata-cu-detalii-stralucitoare-pantaloni-palazzo\/"]}]},{"@type":"ImageObject","inLanguage":"ro-RO","@id":"https:\/\/www.vlascouture.com\/shop\/set-iconic-noir-camasa-satinata-cu-detalii-stralucitoare-pantaloni-palazzo\/#primaryimage","url":"https:\/\/www.vlascouture.com\/wp-content\/uploads\/2025\/11\/img_0752.jpeg","contentUrl":"https:\/\/www.vlascouture.com\/wp-content\/uploads\/2025\/11\/img_0752.jpeg","width":1996,"height":3000},{"@type":"BreadcrumbList","@id":"https:\/\/www.vlascouture.com\/shop\/set-iconic-noir-camasa-satinata-cu-detalii-stralucitoare-pantaloni-palazzo\/#breadcrumb","itemListElement":[{"@type":"ListItem","position":1,"name":"Home","item":"https:\/\/www.vlascouture.com\/"},{"@type":"ListItem","position":2,"name":"Shop","item":"https:\/\/www.vlascouture.com\/shop\/"},{"@type":"ListItem","position":3,"name":"Iconic Noir Set"}]},{"@type":"WebSite","@id":"https:\/\/www.vlascouture.com\/#website","url":"https:\/\/www.vlascouture.com\/","name":"Vlas Couture","description":"Vlas Couture","potentialAction":[{"@type":"SearchAction","target":{"@type":"EntryPoint","urlTemplate":"https:\/\/www.vlascouture.com\/?s={search_term_string}"},"query-input":"required name=search_term_string"}],"inLanguage":"ro-RO"}]}},"jetpack_sharing_enabled":true,"_links":{"self":[{"href":"https:\/\/www.vlascouture.com\/ro\/wp-json\/wp\/v2\/product\/7916","targetHints":{"allow":["GET"]}}],"collection":[{"href":"https:\/\/www.vlascouture.com\/ro\/wp-json\/wp\/v2\/product"}],"about":[{"href":"https:\/\/www.vlascouture.com\/ro\/wp-json\/wp\/v2\/types\/product"}],"replies":[{"embeddable":true,"href":"https:\/\/www.vlascouture.com\/ro\/wp-json\/wp\/v2\/comments?post=7916"}],"version-history":[{"count":6,"href":"https:\/\/www.vlascouture.com\/ro\/wp-json\/wp\/v2\/product\/7916\/revisions"}],"predecessor-version":[{"id":8665,"href":"https:\/\/www.vlascouture.com\/ro\/wp-json\/wp\/v2\/product\/7916\/revisions\/8665"}],"wp:featuredmedia":[{"embeddable":true,"href":"https:\/\/www.vlascouture.com\/ro\/wp-json\/wp\/v2\/media\/8286"}],"wp:attachment":[{"href":"https:\/\/www.vlascouture.com\/ro\/wp-json\/wp\/v2\/media?parent=7916"}],"wp:term":[{"taxonomy":"product_cat","embeddable":true,"href":"https:\/\/www.vlascouture.com\/ro\/wp-json\/wp\/v2\/product_cat?post=7916"},{"taxonomy":"product_tag","embeddable":true,"href":"https:\/\/www.vlascouture.com\/ro\/wp-json\/wp\/v2\/product_tag?post=7916"}],"curies":[{"name":"wp","href":"https:\/\/api.w.org\/{rel}","templated":true}]}}