{"id":3029,"date":"2024-04-18T16:40:16","date_gmt":"2024-04-18T16:40:16","guid":{"rendered":"https:\/\/www.vlascouture.com\/?post_type=product&#038;p=3029"},"modified":"2026-04-03T18:44:36","modified_gmt":"2026-04-03T18:44:36","slug":"davina-tuxedo-2","status":"publish","type":"product","link":"https:\/\/www.vlascouture.com\/ro\/shop\/davina-tuxedo-2\/","title":{"rendered":"Costum Davina"},"content":{"rendered":"<p>O prezen\u021b\u0103 care atrage f\u0103r\u0103 efort, definit\u0103 prin linii precise \u0219i o elegan\u021b\u0103 profund\u0103. Costumul Devina Black este creat pentru femeia care \u00ee\u0219i asum\u0103 feminitatea cu \u00eencredere \u0219i transform\u0103 fiecare apari\u021bie \u00eentr-o declara\u021bie.<\/p>\n<p>Croiala structurat\u0103 eviden\u021biaz\u0103 talia \u0219i alunge\u0219te silueta, \u00een timp ce designul minimalist este completat de detalii atent echilibrate. Negrul intens adaug\u0103 mister \u0219i rafinament, contur\u00e2nd un look puternic, dar extrem de feminin.<\/p>\n<p>Materialul premium ofer\u0103 o c\u0103dere impecabil\u0103 \u0219i confort, p\u0103str\u00e2nd forma \u0219i elegan\u021ba pe \u00eentreaga durat\u0103 a purt\u0103rii. Versatil \u0219i sofisticat, costumul poate fi purtat at\u00e2t \u00een contexte formale, c\u00e2t \u0219i \u00een stylinguri moderne, reinterpretate.<\/p>\n<p>Un costum care nu trece neobservat.<\/p>\n<p>Putere, elegan\u021b\u0103 \u0219i atitudine \u2014 \u00eentr-o singur\u0103 pies\u0103.<\/p>","protected":false},"excerpt":{"rendered":"<p>O prezen\u021b\u0103 care atrage f\u0103r\u0103 efort, definit\u0103 prin linii precise \u0219i o elegan\u021b\u0103 profund\u0103. Costumul Devina Black este creat pentru femeia care&hellip;<\/p>","protected":false},"featured_media":3027,"comment_status":"closed","ping_status":"closed","template":"","meta":[],"product_cat":[314,204,220,230,226,236],"product_tag":[],"class_list":{"0":"post-3029","1":"product","2":"type-product","3":"status-publish","4":"has-post-thumbnail","6":"product_cat-signature","7":"product_cat-mystic_falls","8":"product_cat-clothing","9":"product_cat-all-tops","10":"product_cat-blazers","11":"product_cat-suits","12":"pa_color-black","13":"pa_size-34-xs","14":"pa_size-36-s","15":"pa_size-38-m","16":"pa_size-40-l","18":"first","19":"instock","20":"taxable","21":"shipping-taxable","22":"purchasable","23":"product-type-variable"},"yoast_head":"<!-- This site is optimized with the Yoast SEO plugin v22.4 - https:\/\/yoast.com\/wordpress\/plugins\/seo\/ -->\n<title>Costum Davina - Vlas Couture<\/title>\n<meta name=\"robots\" content=\"index, follow, max-snippet:-1, max-image-preview:large, max-video-preview:-1\" \/>\n<link rel=\"canonical\" href=\"https:\/\/www.vlascouture.com\/ro\/shop\/davina-tuxedo-2\/\" \/>\n<meta property=\"og:locale\" content=\"ro_RO\" \/>\n<meta property=\"og:type\" content=\"article\" \/>\n<meta property=\"og:title\" content=\"Costum Davina - Vlas Couture\" \/>\n<meta property=\"og:description\" content=\"O prezen\u021b\u0103 care atrage f\u0103r\u0103 efort, definit\u0103 prin linii precise \u0219i o elegan\u021b\u0103 profund\u0103. Costumul Devina Black este creat pentru femeia care&hellip;\" \/>\n<meta property=\"og:url\" content=\"https:\/\/www.vlascouture.com\/ro\/shop\/davina-tuxedo-2\/\" \/>\n<meta property=\"og:site_name\" content=\"Vlas Couture\" \/>\n<meta property=\"article:modified_time\" content=\"2026-04-03T18:44:36+00:00\" \/>\n<meta property=\"og:image\" content=\"https:\/\/www.vlascouture.com\/wp-content\/uploads\/2024\/04\/AD1I9893-ok-1-scaled.jpg\" \/>\n\t<meta property=\"og:image:width\" content=\"3360\" \/>\n\t<meta property=\"og:image:height\" content=\"2240\" \/>\n\t<meta property=\"og:image:type\" content=\"image\/jpeg\" \/>\n<meta name=\"twitter:card\" content=\"summary_large_image\" \/>\n<meta name=\"twitter:label1\" content=\"Timp estimat pentru citire\" \/>\n\t<meta name=\"twitter:data1\" content=\"1 minut\" \/>\n<script type=\"application\/ld+json\" class=\"yoast-schema-graph\">{\"@context\":\"https:\/\/schema.org\",\"@graph\":[{\"@type\":\"WebPage\",\"@id\":\"https:\/\/www.vlascouture.com\/shop\/davina-tuxedo-2\/\",\"url\":\"https:\/\/www.vlascouture.com\/shop\/davina-tuxedo-2\/\",\"name\":\"Costum Davina - Vlas Couture\",\"isPartOf\":{\"@id\":\"https:\/\/www.vlascouture.com\/#website\"},\"primaryImageOfPage\":{\"@id\":\"https:\/\/www.vlascouture.com\/shop\/davina-tuxedo-2\/#primaryimage\"},\"image\":{\"@id\":\"https:\/\/www.vlascouture.com\/shop\/davina-tuxedo-2\/#primaryimage\"},\"thumbnailUrl\":\"https:\/\/www.vlascouture.com\/wp-content\/uploads\/2024\/04\/AD1I9893-ok-1-scaled.jpg\",\"datePublished\":\"2024-04-18T16:40:16+00:00\",\"dateModified\":\"2026-04-03T18:44:36+00:00\",\"breadcrumb\":{\"@id\":\"https:\/\/www.vlascouture.com\/shop\/davina-tuxedo-2\/#breadcrumb\"},\"inLanguage\":\"ro-RO\",\"potentialAction\":[{\"@type\":\"ReadAction\",\"target\":[\"https:\/\/www.vlascouture.com\/shop\/davina-tuxedo-2\/\"]}]},{\"@type\":\"ImageObject\",\"inLanguage\":\"ro-RO\",\"@id\":\"https:\/\/www.vlascouture.com\/shop\/davina-tuxedo-2\/#primaryimage\",\"url\":\"https:\/\/www.vlascouture.com\/wp-content\/uploads\/2024\/04\/AD1I9893-ok-1-scaled.jpg\",\"contentUrl\":\"https:\/\/www.vlascouture.com\/wp-content\/uploads\/2024\/04\/AD1I9893-ok-1-scaled.jpg\",\"width\":3360,\"height\":2240},{\"@type\":\"BreadcrumbList\",\"@id\":\"https:\/\/www.vlascouture.com\/shop\/davina-tuxedo-2\/#breadcrumb\",\"itemListElement\":[{\"@type\":\"ListItem\",\"position\":1,\"name\":\"Home\",\"item\":\"https:\/\/www.vlascouture.com\/\"},{\"@type\":\"ListItem\",\"position\":2,\"name\":\"Shop\",\"item\":\"https:\/\/www.vlascouture.com\/shop\/\"},{\"@type\":\"ListItem\",\"position\":3,\"name\":\"Costum Davina\"}]},{\"@type\":\"WebSite\",\"@id\":\"https:\/\/www.vlascouture.com\/#website\",\"url\":\"https:\/\/www.vlascouture.com\/\",\"name\":\"Vlas Couture\",\"description\":\"Vlas Couture\",\"potentialAction\":[{\"@type\":\"SearchAction\",\"target\":{\"@type\":\"EntryPoint\",\"urlTemplate\":\"https:\/\/www.vlascouture.com\/?s={search_term_string}\"},\"query-input\":\"required name=search_term_string\"}],\"inLanguage\":\"ro-RO\"}]}<\/script>\n<!-- \/ Yoast SEO plugin. -->","yoast_head_json":{"title":"Costum Davina - Vlas Couture","robots":{"index":"index","follow":"follow","max-snippet":"max-snippet:-1","max-image-preview":"max-image-preview:large","max-video-preview":"max-video-preview:-1"},"canonical":"https:\/\/www.vlascouture.com\/ro\/shop\/davina-tuxedo-2\/","og_locale":"ro_RO","og_type":"article","og_title":"Costum Davina - Vlas Couture","og_description":"O prezen\u021b\u0103 care atrage f\u0103r\u0103 efort, definit\u0103 prin linii precise \u0219i o elegan\u021b\u0103 profund\u0103. Costumul Devina Black este creat pentru femeia care&hellip;","og_url":"https:\/\/www.vlascouture.com\/ro\/shop\/davina-tuxedo-2\/","og_site_name":"Vlas Couture","article_modified_time":"2026-04-03T18:44:36+00:00","og_image":[{"width":3360,"height":2240,"url":"https:\/\/www.vlascouture.com\/wp-content\/uploads\/2024\/04\/AD1I9893-ok-1-scaled.jpg","type":"image\/jpeg"}],"twitter_card":"summary_large_image","twitter_misc":{"Timp estimat pentru citire":"1 minut"},"schema":{"@context":"https:\/\/schema.org","@graph":[{"@type":"WebPage","@id":"https:\/\/www.vlascouture.com\/shop\/davina-tuxedo-2\/","url":"https:\/\/www.vlascouture.com\/shop\/davina-tuxedo-2\/","name":"Costum Davina - Vlas Couture","isPartOf":{"@id":"https:\/\/www.vlascouture.com\/#website"},"primaryImageOfPage":{"@id":"https:\/\/www.vlascouture.com\/shop\/davina-tuxedo-2\/#primaryimage"},"image":{"@id":"https:\/\/www.vlascouture.com\/shop\/davina-tuxedo-2\/#primaryimage"},"thumbnailUrl":"https:\/\/www.vlascouture.com\/wp-content\/uploads\/2024\/04\/AD1I9893-ok-1-scaled.jpg","datePublished":"2024-04-18T16:40:16+00:00","dateModified":"2026-04-03T18:44:36+00:00","breadcrumb":{"@id":"https:\/\/www.vlascouture.com\/shop\/davina-tuxedo-2\/#breadcrumb"},"inLanguage":"ro-RO","potentialAction":[{"@type":"ReadAction","target":["https:\/\/www.vlascouture.com\/shop\/davina-tuxedo-2\/"]}]},{"@type":"ImageObject","inLanguage":"ro-RO","@id":"https:\/\/www.vlascouture.com\/shop\/davina-tuxedo-2\/#primaryimage","url":"https:\/\/www.vlascouture.com\/wp-content\/uploads\/2024\/04\/AD1I9893-ok-1-scaled.jpg","contentUrl":"https:\/\/www.vlascouture.com\/wp-content\/uploads\/2024\/04\/AD1I9893-ok-1-scaled.jpg","width":3360,"height":2240},{"@type":"BreadcrumbList","@id":"https:\/\/www.vlascouture.com\/shop\/davina-tuxedo-2\/#breadcrumb","itemListElement":[{"@type":"ListItem","position":1,"name":"Home","item":"https:\/\/www.vlascouture.com\/"},{"@type":"ListItem","position":2,"name":"Shop","item":"https:\/\/www.vlascouture.com\/shop\/"},{"@type":"ListItem","position":3,"name":"Costum Davina"}]},{"@type":"WebSite","@id":"https:\/\/www.vlascouture.com\/#website","url":"https:\/\/www.vlascouture.com\/","name":"Vlas Couture","description":"Vlas Couture","potentialAction":[{"@type":"SearchAction","target":{"@type":"EntryPoint","urlTemplate":"https:\/\/www.vlascouture.com\/?s={search_term_string}"},"query-input":"required name=search_term_string"}],"inLanguage":"ro-RO"}]}},"jetpack_sharing_enabled":true,"_links":{"self":[{"href":"https:\/\/www.vlascouture.com\/ro\/wp-json\/wp\/v2\/product\/3029","targetHints":{"allow":["GET"]}}],"collection":[{"href":"https:\/\/www.vlascouture.com\/ro\/wp-json\/wp\/v2\/product"}],"about":[{"href":"https:\/\/www.vlascouture.com\/ro\/wp-json\/wp\/v2\/types\/product"}],"replies":[{"embeddable":true,"href":"https:\/\/www.vlascouture.com\/ro\/wp-json\/wp\/v2\/comments?post=3029"}],"version-history":[{"count":4,"href":"https:\/\/www.vlascouture.com\/ro\/wp-json\/wp\/v2\/product\/3029\/revisions"}],"predecessor-version":[{"id":10741,"href":"https:\/\/www.vlascouture.com\/ro\/wp-json\/wp\/v2\/product\/3029\/revisions\/10741"}],"wp:featuredmedia":[{"embeddable":true,"href":"https:\/\/www.vlascouture.com\/ro\/wp-json\/wp\/v2\/media\/3027"}],"wp:attachment":[{"href":"https:\/\/www.vlascouture.com\/ro\/wp-json\/wp\/v2\/media?parent=3029"}],"wp:term":[{"taxonomy":"product_cat","embeddable":true,"href":"https:\/\/www.vlascouture.com\/ro\/wp-json\/wp\/v2\/product_cat?post=3029"},{"taxonomy":"product_tag","embeddable":true,"href":"https:\/\/www.vlascouture.com\/ro\/wp-json\/wp\/v2\/product_tag?post=3029"}],"curies":[{"name":"wp","href":"https:\/\/api.w.org\/{rel}","templated":true}]}}