{"id":10492,"date":"2026-03-28T23:05:37","date_gmt":"2026-03-28T23:05:37","guid":{"rendered":"https:\/\/www.vlascouture.com\/?post_type=product&#038;p=10492"},"modified":"2026-03-28T23:39:03","modified_gmt":"2026-03-28T23:39:03","slug":"lumi-satin-dress","status":"publish","type":"product","link":"https:\/\/www.vlascouture.com\/ro\/shop\/lumi-satin-dress\/","title":{"rendered":"Lumi Satin Dress"},"content":{"rendered":"<p>Compus din trei piese, acest set aduce o elegan\u021b\u0103 luminoas\u0103 \u0219i sofisticat\u0103, printr-un joc rafinat de texturi \u0219i reflexii. Corsetul cu paiete fine contureaz\u0103 silueta \u0219i capteaz\u0103 subtil lumina, oferind un efect elegant \u0219i pre\u021bios.<\/p>\n<p>Fusta midi, realizat\u0103 dintr-un material satinat, cade fluid pe corp \u0219i eviden\u021biaz\u0103 linia feminin\u0103, \u00een timp ce capa minimalist\u0103 completeaz\u0103 \u021binuta cu un aer modern \u0219i echilibrat.<\/p>\n<p>Delicat \u0219i \u00een acela\u0219i timp statement, setul este ideal pentru evenimente speciale, seri elegante sau apari\u021bii \u00een care rafinamentul trebuie s\u0103 fie remarcat.<\/p>","protected":false},"excerpt":{"rendered":"<p>Compus din trei piese, acest set aduce o elegan\u021b\u0103 luminoas\u0103 \u0219i sofisticat\u0103, printr-un joc rafinat de texturi \u0219i reflexii. Corsetul cu paiete&hellip;<\/p>","protected":false},"featured_media":10490,"comment_status":"open","ping_status":"closed","template":"","meta":[],"product_cat":[312,316,265,235],"product_tag":[],"class_list":{"0":"post-10492","1":"product","2":"type-product","3":"status-publish","4":"has-post-thumbnail","6":"product_cat-evening-2","7":"product_cat-reverie-colectii","8":"product_cat-new-in","9":"product_cat-dresses-sets","11":"first","12":"instock","13":"taxable","14":"shipping-taxable","15":"purchasable","16":"product-type-variable"},"yoast_head":"<!-- This site is optimized with the Yoast SEO plugin v22.4 - https:\/\/yoast.com\/wordpress\/plugins\/seo\/ -->\n<title>Lumi Satin Dress - Vlas Couture<\/title>\n<meta name=\"robots\" content=\"index, follow, max-snippet:-1, max-image-preview:large, max-video-preview:-1\" \/>\n<link rel=\"canonical\" href=\"https:\/\/www.vlascouture.com\/ro\/shop\/lumi-satin-dress\/\" \/>\n<meta property=\"og:locale\" content=\"ro_RO\" \/>\n<meta property=\"og:type\" content=\"article\" \/>\n<meta property=\"og:title\" content=\"Lumi Satin Dress - Vlas Couture\" \/>\n<meta property=\"og:description\" content=\"Compus din trei piese, acest set aduce o elegan\u021b\u0103 luminoas\u0103 \u0219i sofisticat\u0103, printr-un joc rafinat de texturi \u0219i reflexii. Corsetul cu paiete&hellip;\" \/>\n<meta property=\"og:url\" content=\"https:\/\/www.vlascouture.com\/ro\/shop\/lumi-satin-dress\/\" \/>\n<meta property=\"og:site_name\" content=\"Vlas Couture\" \/>\n<meta property=\"article:modified_time\" content=\"2026-03-28T23:39:03+00:00\" \/>\n<meta property=\"og:image\" content=\"https:\/\/www.vlascouture.com\/wp-content\/uploads\/2026\/03\/del_9912-1.jpeg\" \/>\n\t<meta property=\"og:image:width\" content=\"1996\" \/>\n\t<meta property=\"og:image:height\" content=\"3000\" \/>\n\t<meta property=\"og:image:type\" content=\"image\/jpeg\" \/>\n<meta name=\"twitter:card\" content=\"summary_large_image\" \/>\n<script type=\"application\/ld+json\" class=\"yoast-schema-graph\">{\"@context\":\"https:\/\/schema.org\",\"@graph\":[{\"@type\":\"WebPage\",\"@id\":\"https:\/\/www.vlascouture.com\/shop\/lumi-satin-dress\/\",\"url\":\"https:\/\/www.vlascouture.com\/shop\/lumi-satin-dress\/\",\"name\":\"Lumi Satin Dress - Vlas Couture\",\"isPartOf\":{\"@id\":\"https:\/\/www.vlascouture.com\/#website\"},\"primaryImageOfPage\":{\"@id\":\"https:\/\/www.vlascouture.com\/shop\/lumi-satin-dress\/#primaryimage\"},\"image\":{\"@id\":\"https:\/\/www.vlascouture.com\/shop\/lumi-satin-dress\/#primaryimage\"},\"thumbnailUrl\":\"https:\/\/www.vlascouture.com\/wp-content\/uploads\/2026\/03\/del_9912-1.jpeg\",\"datePublished\":\"2026-03-28T23:05:37+00:00\",\"dateModified\":\"2026-03-28T23:39:03+00:00\",\"breadcrumb\":{\"@id\":\"https:\/\/www.vlascouture.com\/shop\/lumi-satin-dress\/#breadcrumb\"},\"inLanguage\":\"ro-RO\",\"potentialAction\":[{\"@type\":\"ReadAction\",\"target\":[\"https:\/\/www.vlascouture.com\/shop\/lumi-satin-dress\/\"]}]},{\"@type\":\"ImageObject\",\"inLanguage\":\"ro-RO\",\"@id\":\"https:\/\/www.vlascouture.com\/shop\/lumi-satin-dress\/#primaryimage\",\"url\":\"https:\/\/www.vlascouture.com\/wp-content\/uploads\/2026\/03\/del_9912-1.jpeg\",\"contentUrl\":\"https:\/\/www.vlascouture.com\/wp-content\/uploads\/2026\/03\/del_9912-1.jpeg\",\"width\":1996,\"height\":3000,\"caption\":\"DELIMAN_CRISTIAN\"},{\"@type\":\"BreadcrumbList\",\"@id\":\"https:\/\/www.vlascouture.com\/shop\/lumi-satin-dress\/#breadcrumb\",\"itemListElement\":[{\"@type\":\"ListItem\",\"position\":1,\"name\":\"Home\",\"item\":\"https:\/\/www.vlascouture.com\/\"},{\"@type\":\"ListItem\",\"position\":2,\"name\":\"Shop\",\"item\":\"https:\/\/www.vlascouture.com\/shop\/\"},{\"@type\":\"ListItem\",\"position\":3,\"name\":\"Lumi Satin Dress\"}]},{\"@type\":\"WebSite\",\"@id\":\"https:\/\/www.vlascouture.com\/#website\",\"url\":\"https:\/\/www.vlascouture.com\/\",\"name\":\"Vlas Couture\",\"description\":\"Vlas Couture\",\"potentialAction\":[{\"@type\":\"SearchAction\",\"target\":{\"@type\":\"EntryPoint\",\"urlTemplate\":\"https:\/\/www.vlascouture.com\/?s={search_term_string}\"},\"query-input\":\"required name=search_term_string\"}],\"inLanguage\":\"ro-RO\"}]}<\/script>\n<!-- \/ Yoast SEO plugin. -->","yoast_head_json":{"title":"Lumi Satin Dress - Vlas Couture","robots":{"index":"index","follow":"follow","max-snippet":"max-snippet:-1","max-image-preview":"max-image-preview:large","max-video-preview":"max-video-preview:-1"},"canonical":"https:\/\/www.vlascouture.com\/ro\/shop\/lumi-satin-dress\/","og_locale":"ro_RO","og_type":"article","og_title":"Lumi Satin Dress - Vlas Couture","og_description":"Compus din trei piese, acest set aduce o elegan\u021b\u0103 luminoas\u0103 \u0219i sofisticat\u0103, printr-un joc rafinat de texturi \u0219i reflexii. Corsetul cu paiete&hellip;","og_url":"https:\/\/www.vlascouture.com\/ro\/shop\/lumi-satin-dress\/","og_site_name":"Vlas Couture","article_modified_time":"2026-03-28T23:39:03+00:00","og_image":[{"width":1996,"height":3000,"url":"https:\/\/www.vlascouture.com\/wp-content\/uploads\/2026\/03\/del_9912-1.jpeg","type":"image\/jpeg"}],"twitter_card":"summary_large_image","schema":{"@context":"https:\/\/schema.org","@graph":[{"@type":"WebPage","@id":"https:\/\/www.vlascouture.com\/shop\/lumi-satin-dress\/","url":"https:\/\/www.vlascouture.com\/shop\/lumi-satin-dress\/","name":"Lumi Satin Dress - Vlas Couture","isPartOf":{"@id":"https:\/\/www.vlascouture.com\/#website"},"primaryImageOfPage":{"@id":"https:\/\/www.vlascouture.com\/shop\/lumi-satin-dress\/#primaryimage"},"image":{"@id":"https:\/\/www.vlascouture.com\/shop\/lumi-satin-dress\/#primaryimage"},"thumbnailUrl":"https:\/\/www.vlascouture.com\/wp-content\/uploads\/2026\/03\/del_9912-1.jpeg","datePublished":"2026-03-28T23:05:37+00:00","dateModified":"2026-03-28T23:39:03+00:00","breadcrumb":{"@id":"https:\/\/www.vlascouture.com\/shop\/lumi-satin-dress\/#breadcrumb"},"inLanguage":"ro-RO","potentialAction":[{"@type":"ReadAction","target":["https:\/\/www.vlascouture.com\/shop\/lumi-satin-dress\/"]}]},{"@type":"ImageObject","inLanguage":"ro-RO","@id":"https:\/\/www.vlascouture.com\/shop\/lumi-satin-dress\/#primaryimage","url":"https:\/\/www.vlascouture.com\/wp-content\/uploads\/2026\/03\/del_9912-1.jpeg","contentUrl":"https:\/\/www.vlascouture.com\/wp-content\/uploads\/2026\/03\/del_9912-1.jpeg","width":1996,"height":3000,"caption":"DELIMAN_CRISTIAN"},{"@type":"BreadcrumbList","@id":"https:\/\/www.vlascouture.com\/shop\/lumi-satin-dress\/#breadcrumb","itemListElement":[{"@type":"ListItem","position":1,"name":"Home","item":"https:\/\/www.vlascouture.com\/"},{"@type":"ListItem","position":2,"name":"Shop","item":"https:\/\/www.vlascouture.com\/shop\/"},{"@type":"ListItem","position":3,"name":"Lumi Satin Dress"}]},{"@type":"WebSite","@id":"https:\/\/www.vlascouture.com\/#website","url":"https:\/\/www.vlascouture.com\/","name":"Vlas Couture","description":"Vlas Couture","potentialAction":[{"@type":"SearchAction","target":{"@type":"EntryPoint","urlTemplate":"https:\/\/www.vlascouture.com\/?s={search_term_string}"},"query-input":"required name=search_term_string"}],"inLanguage":"ro-RO"}]}},"jetpack_sharing_enabled":true,"_links":{"self":[{"href":"https:\/\/www.vlascouture.com\/ro\/wp-json\/wp\/v2\/product\/10492","targetHints":{"allow":["GET"]}}],"collection":[{"href":"https:\/\/www.vlascouture.com\/ro\/wp-json\/wp\/v2\/product"}],"about":[{"href":"https:\/\/www.vlascouture.com\/ro\/wp-json\/wp\/v2\/types\/product"}],"replies":[{"embeddable":true,"href":"https:\/\/www.vlascouture.com\/ro\/wp-json\/wp\/v2\/comments?post=10492"}],"version-history":[{"count":1,"href":"https:\/\/www.vlascouture.com\/ro\/wp-json\/wp\/v2\/product\/10492\/revisions"}],"predecessor-version":[{"id":10497,"href":"https:\/\/www.vlascouture.com\/ro\/wp-json\/wp\/v2\/product\/10492\/revisions\/10497"}],"wp:featuredmedia":[{"embeddable":true,"href":"https:\/\/www.vlascouture.com\/ro\/wp-json\/wp\/v2\/media\/10490"}],"wp:attachment":[{"href":"https:\/\/www.vlascouture.com\/ro\/wp-json\/wp\/v2\/media?parent=10492"}],"wp:term":[{"taxonomy":"product_cat","embeddable":true,"href":"https:\/\/www.vlascouture.com\/ro\/wp-json\/wp\/v2\/product_cat?post=10492"},{"taxonomy":"product_tag","embeddable":true,"href":"https:\/\/www.vlascouture.com\/ro\/wp-json\/wp\/v2\/product_tag?post=10492"}],"curies":[{"name":"wp","href":"https:\/\/api.w.org\/{rel}","templated":true}]}}